{"id":1105,"date":"2022-01-20T20:33:38","date_gmt":"2022-01-20T19:33:38","guid":{"rendered":"https:\/\/main.freilab.de\/?page_id=1105"},"modified":"2022-12-03T17:33:59","modified_gmt":"2022-12-03T16:33:59","slug":"beitraege","status":"publish","type":"page","link":"https:\/\/freilab.de\/?page_id=1105","title":{"rendered":"Beitr\u00e4ge"},"content":{"rendered":"<div class=\"sya_container\" id=\"sya_container\"><a id=\"year2026\"><\/a>2026<ul><li class=\"\"><div class=\"sya_postcontent\"><span class=\"sya_date\">26. April. 2026 <span class=\"sya_sep\"> <\/span><\/span><a href=\"https:\/\/freilab.de\/?p=2347\" class=\"sya_postlink post-2347\" rel=\"bookmark\">FREILab goes Fridays for Future<\/a> <span class=\"sya_categories\"><span class=\"sya_bracket\">(<\/span>Pressemitteilung, Veranstaltung<span class=\"sya_bracket\">)<\/span><\/span> <span class=\"sya_author\">(by freilab)<\/span><\/div><\/li><li class=\"\"><div class=\"sya_postcontent\"><span class=\"sya_date\">1. M\u00e4rz. 2026 <span class=\"sya_sep\"> <\/span><\/span><a href=\"https:\/\/freilab.de\/?p=2330\" class=\"sya_postlink post-2330\" rel=\"bookmark\">10 Jahre FREILab Freiburg e.V.<\/a> <span class=\"sya_categories\"><span class=\"sya_bracket\">(<\/span>Pressemitteilung<span class=\"sya_bracket\">)<\/span><\/span> <span class=\"sya_author\">(by freilab)<\/span><\/div><\/li><li class=\"\"><div class=\"sya_postcontent\"><span class=\"sya_date\">24. Februar. 2026 <span class=\"sya_sep\"> <\/span><\/span><a href=\"https:\/\/freilab.de\/?p=2315\" class=\"sya_postlink post-2315\" rel=\"bookmark\">Baden TV S\u00fcd zu Besuch im FREILab<\/a> <span class=\"sya_categories\"><span class=\"sya_bracket\">(<\/span>Pressemitteilung<span class=\"sya_bracket\">)<\/span><\/span> <span class=\"sya_author\">(by freilab)<\/span><\/div><\/li><li class=\"\"><div class=\"sya_postcontent\"><span class=\"sya_date\">13. Januar. 2026 <span class=\"sya_sep\"> <\/span><\/span><a href=\"https:\/\/freilab.de\/?p=2287\" class=\"sya_postlink post-2287\" rel=\"bookmark\">Weihnachtsfeier 2025 &amp; ein sch\u00f6nes neues Jahr 2026<\/a> <span class=\"sya_categories\"><span class=\"sya_bracket\">(<\/span>Pressemitteilung<span class=\"sya_bracket\">)<\/span><\/span> <span class=\"sya_author\">(by freilab)<\/span><\/div><\/li><\/ul><a id=\"year2025\"><\/a>2025<ul><li class=\"\"><div class=\"sya_postcontent\"><span class=\"sya_date\">29. November. 2025 <span class=\"sya_sep\"> <\/span><\/span><a href=\"https:\/\/freilab.de\/?p=2260\" class=\"sya_postlink post-2260\" rel=\"bookmark\">Mattermost, Kursverwaltung &#038; Kaffeebereich<\/a> <span class=\"sya_categories\"><span class=\"sya_bracket\">(<\/span>Pressemitteilung<span class=\"sya_bracket\">)<\/span><\/span> <span class=\"sya_author\">(by Dominik Brand)<\/span><\/div><\/li><li class=\"\"><div class=\"sya_postcontent\"><span class=\"sya_date\">4. November. 2025 <span class=\"sya_sep\"> <\/span><\/span><a href=\"https:\/\/freilab.de\/?p=2238\" class=\"sya_postlink post-2238\" rel=\"bookmark\">Comic Con 2025<\/a> <span class=\"sya_categories\"><span class=\"sya_bracket\">(<\/span>Pressemitteilung, Veranstaltung<span class=\"sya_bracket\">)<\/span><\/span> <span class=\"sya_author\">(by Dominik Brand)<\/span><\/div><\/li><li class=\"\"><div class=\"sya_postcontent\"><span class=\"sya_date\">26. Oktober. 2025 <span class=\"sya_sep\"> <\/span><\/span><a href=\"https:\/\/freilab.de\/?p=2209\" class=\"sya_postlink post-2209\" rel=\"bookmark\">Das FREILab auf dem Markt der M\u00f6glichkeiten 2025<\/a> <span class=\"sya_categories\"><span class=\"sya_bracket\">(<\/span>Pressemitteilung<span class=\"sya_bracket\">)<\/span><\/span> <span class=\"sya_author\">(by Dominik Brand)<\/span><\/div><\/li><li class=\"\"><div class=\"sya_postcontent\"><span class=\"sya_date\">10. Oktober. 2025 <span class=\"sya_sep\"> <\/span><\/span><a href=\"https:\/\/freilab.de\/?p=2174\" class=\"sya_postlink post-2174\" rel=\"bookmark\">Zukunftsworkshop 2025: Neue Ger\u00e4te und Bereiche<\/a> <span class=\"sya_categories\"><span class=\"sya_bracket\">(<\/span>Pressemitteilung<span class=\"sya_bracket\">)<\/span><\/span> <span class=\"sya_author\">(by Dominik Brand)<\/span><\/div><\/li><li class=\"\"><div class=\"sya_postcontent\"><span class=\"sya_date\">19. September. 2025 <span class=\"sya_sep\"> <\/span><\/span><a href=\"https:\/\/freilab.de\/?p=2145\" class=\"sya_postlink post-2145\" rel=\"bookmark\">FREILab ist Teil des Freiburger Klimapakts<\/a> <span class=\"sya_categories\"><span class=\"sya_bracket\">(<\/span>Pressemitteilung<span class=\"sya_bracket\">)<\/span><\/span> <span class=\"sya_author\">(by Dominik Brand)<\/span><\/div><\/li><li class=\"\"><div class=\"sya_postcontent\"><span class=\"sya_date\">8. Juli. 2025 <span class=\"sya_sep\"> <\/span><\/span><a href=\"https:\/\/freilab.de\/?p=2127\" class=\"sya_postlink post-2127\" rel=\"bookmark\">R\u00fcckblick: Tag der offenen Werkstatt 2025<\/a> <span class=\"sya_categories\"><span class=\"sya_bracket\">(<\/span>Pressemitteilung<span class=\"sya_bracket\">)<\/span><\/span> <span class=\"sya_author\">(by Dominik Brand)<\/span><\/div><\/li><li class=\"\"><div class=\"sya_postcontent\"><span class=\"sya_date\">24. Mai. 2025 <span class=\"sya_sep\"> <\/span><\/span><a href=\"https:\/\/freilab.de\/?p=2025\" class=\"sya_postlink post-2025\" rel=\"bookmark\">R\u00fcckblick auf das Reparaturwochenende 2025<\/a> <span class=\"sya_categories\"><span class=\"sya_bracket\">(<\/span>Pressemitteilung<span class=\"sya_bracket\">)<\/span><\/span> <span class=\"sya_author\">(by Dominik Brand)<\/span><\/div><\/li><li class=\"\"><div class=\"sya_postcontent\"><span class=\"sya_date\">23. April. 2025 <span class=\"sya_sep\"> <\/span><\/span><a href=\"https:\/\/freilab.de\/?p=1975\" class=\"sya_postlink post-1975\" rel=\"bookmark\">Tag der offenen Werkstatt 2025 &#8211; Open Lab Day 2025<\/a> <span class=\"sya_categories\"><span class=\"sya_bracket\">(<\/span>Pressemitteilung<span class=\"sya_bracket\">)<\/span><\/span> <span class=\"sya_author\">(by Dominik Brand)<\/span><\/div><\/li><li class=\"\"><div class=\"sya_postcontent\"><span class=\"sya_date\">16. M\u00e4rz. 2025 <span class=\"sya_sep\"> <\/span><\/span><a href=\"https:\/\/freilab.de\/?p=1912\" class=\"sya_postlink post-1912\" rel=\"bookmark\">Spendenaufruf f\u00fcr neue Maschinen<\/a> <span class=\"sya_categories\"><span class=\"sya_bracket\">(<\/span>Pressemitteilung<span class=\"sya_bracket\">)<\/span><\/span> <span class=\"sya_author\">(by Dominik Brand)<\/span><\/div><\/li><\/ul><a id=\"year2024\"><\/a>2024<ul><li class=\"\"><div class=\"sya_postcontent\"><span class=\"sya_date\">29. August. 2024 <span class=\"sya_sep\"> <\/span><\/span><a href=\"https:\/\/freilab.de\/?p=1804\" class=\"sya_postlink post-1804\" rel=\"bookmark\">Tag der offenen Werkstatt<\/a> <span class=\"sya_categories\"><span class=\"sya_bracket\">(<\/span>Veranstaltung<span class=\"sya_bracket\">)<\/span><\/span> <span class=\"sya_author\">(by Dominik Brand)<\/span><\/div><\/li><li class=\"\"><div class=\"sya_postcontent\"><span class=\"sya_date\">25. M\u00e4rz. 2024 <span class=\"sya_sep\"> <\/span><\/span><a href=\"https:\/\/freilab.de\/?p=1734\" class=\"sya_postlink post-1734\" rel=\"bookmark\">Last-Minute Bastelkurs f\u00fcr das Vogel-Air-BnB<\/a> <span class=\"sya_categories\"><span class=\"sya_bracket\">(<\/span>Veranstaltung<span class=\"sya_bracket\">)<\/span><\/span> <span class=\"sya_author\">(by Dominik Brand)<\/span><\/div><\/li><\/ul><a id=\"year2022\"><\/a>2022<ul><li class=\"\"><div class=\"sya_postcontent\"><span class=\"sya_date\">23. Juni. 2022 <span class=\"sya_sep\"> <\/span><\/span><a href=\"https:\/\/freilab.de\/?p=1315\" class=\"sya_postlink post-1315\" rel=\"bookmark\">Tag der offenen T\u00fcr<\/a> <span class=\"sya_categories\"><span class=\"sya_bracket\">(<\/span>Pressemitteilung<span class=\"sya_bracket\">)<\/span><\/span> <span class=\"sya_author\">(by Dominik Brand)<\/span><\/div><\/li><li class=\"\"><div class=\"sya_postcontent\"><span class=\"sya_date\">7. April. 2022 <span class=\"sya_sep\"> <\/span><\/span><a href=\"https:\/\/freilab.de\/?p=1170\" class=\"sya_postlink post-1170\" rel=\"bookmark\">Was lange w\u00e4hrt&#8230;<\/a> <span class=\"sya_categories\"><span class=\"sya_bracket\">(<\/span>Pressemitteilung<span class=\"sya_bracket\">)<\/span><\/span> <span class=\"sya_author\">(by Sean Schlagenhauf)<\/span><\/div><\/li><li class=\"\"><div class=\"sya_postcontent\"><span class=\"sya_date\">17. Februar. 2022 <span class=\"sya_sep\"> <\/span><\/span><a href=\"https:\/\/freilab.de\/?p=1140\" class=\"sya_postlink post-1140\" rel=\"bookmark\">Ohne Strom geht nichts&#8230;\u200b<\/a> <span class=\"sya_categories\"><span class=\"sya_bracket\">(<\/span>Pressemitteilung<span class=\"sya_bracket\">)<\/span><\/span> <span class=\"sya_author\">(by Sean Schlagenhauf)<\/span><\/div><\/li><li class=\"\"><div class=\"sya_postcontent\"><span class=\"sya_date\">20. Januar. 2022 <span class=\"sya_sep\"> <\/span><\/span><a href=\"https:\/\/freilab.de\/?p=1129\" class=\"sya_postlink post-1129\" rel=\"bookmark\">Expansion ongoing&#8230;<\/a> <span class=\"sya_categories\"><span class=\"sya_bracket\">(<\/span>Pressemitteilung<span class=\"sya_bracket\">)<\/span><\/span> <span class=\"sya_author\">(by Sean Schlagenhauf)<\/span><\/div><\/li><\/ul><a id=\"year2021\"><\/a>2021<ul><li class=\"\"><div class=\"sya_postcontent\"><span class=\"sya_date\">11. Dezember. 2021 <span class=\"sya_sep\"> <\/span><\/span><a href=\"https:\/\/freilab.de\/?p=1082\" class=\"sya_postlink post-1082\" rel=\"bookmark\">Werkstattnutzung w\u00e4hrend Corona<\/a> <span class=\"sya_categories\"><span class=\"sya_bracket\">(<\/span>Corona<span class=\"sya_bracket\">)<\/span><\/span> <span class=\"sya_author\">(by Dominik Brand)<\/span><\/div><\/li><\/ul><a id=\"year2019\"><\/a>2019<ul><li class=\"\"><div class=\"sya_postcontent\"><span class=\"sya_date\">13. September. 2019 <span class=\"sya_sep\"> <\/span><\/span><a href=\"https:\/\/freilab.de\/?p=1712\" class=\"sya_postlink post-1712\" rel=\"bookmark\">Zukunftsworkshop 2019<\/a> <span class=\"sya_categories\"><span class=\"sya_bracket\">(<\/span>Archiv<span class=\"sya_bracket\">)<\/span><\/span> <span class=\"sya_author\">(by Dominik Brand)<\/span><\/div><\/li><li class=\"\"><div class=\"sya_postcontent\"><span class=\"sya_date\">28. Mai. 2019 <span class=\"sya_sep\"> <\/span><\/span><a href=\"https:\/\/freilab.de\/?p=1714\" class=\"sya_postlink post-1714\" rel=\"bookmark\">Sommer- und Herbstkurse im Textilbereich<\/a> <span class=\"sya_categories\"><span class=\"sya_bracket\">(<\/span>Archiv<span class=\"sya_bracket\">)<\/span><\/span> <span class=\"sya_author\">(by Dominik Brand)<\/span><\/div><\/li><li class=\"\"><div class=\"sya_postcontent\"><span class=\"sya_date\">9. Mai. 2019 <span class=\"sya_sep\"> <\/span><\/span><a href=\"https:\/\/freilab.de\/?p=1708\" class=\"sya_postlink post-1708\" rel=\"bookmark\">Gartenfreuden<\/a> <span class=\"sya_categories\"><span class=\"sya_bracket\">(<\/span>Archiv<span class=\"sya_bracket\">)<\/span><\/span> <span class=\"sya_author\">(by Dominik Brand)<\/span><\/div><\/li><li class=\"\"><div class=\"sya_postcontent\"><span class=\"sya_date\">6. Mai. 2019 <span class=\"sya_sep\"> <\/span><\/span><a href=\"https:\/\/freilab.de\/?p=1705\" class=\"sya_postlink post-1705\" rel=\"bookmark\">Mitgliederversammlung 2019<\/a> <span class=\"sya_categories\"><span class=\"sya_bracket\">(<\/span>Archiv<span class=\"sya_bracket\">)<\/span><\/span> <span class=\"sya_author\">(by Dominik Brand)<\/span><\/div><\/li><li class=\"\"><div class=\"sya_postcontent\"><span class=\"sya_date\">24. April. 2019 <span class=\"sya_sep\"> <\/span><\/span><a href=\"https:\/\/freilab.de\/?p=1703\" class=\"sya_postlink post-1703\" rel=\"bookmark\">Terrassenerweiterung<\/a> <span class=\"sya_categories\"><span class=\"sya_bracket\">(<\/span>Archiv<span class=\"sya_bracket\">)<\/span><\/span> <span class=\"sya_author\">(by Dominik Brand)<\/span><\/div><\/li><\/ul><a id=\"year2018\"><\/a>2018<ul><li class=\"\"><div class=\"sya_postcontent\"><span class=\"sya_date\">6. September. 2018 <span class=\"sya_sep\"> <\/span><\/span><a href=\"https:\/\/freilab.de\/?p=1691\" class=\"sya_postlink post-1691\" rel=\"bookmark\">N\u00e4hkurse im FREILab f\u00fcr Anf\u00e4nger_innen und Fortgeschrittene<\/a> <span class=\"sya_comments\"><span class=\"sya_bracket\">(<\/span>0<span class=\"sya_bracket\">)<\/span><\/span> <span class=\"sya_categories\"><span class=\"sya_bracket\">(<\/span>Archiv<span class=\"sya_bracket\">)<\/span><\/span> <span class=\"sya_author\">(by Dominik Brand)<\/span><\/div><\/li><li class=\"\"><div class=\"sya_postcontent\"><span class=\"sya_date\">27. August. 2018 <span class=\"sya_sep\"> <\/span><\/span><a href=\"https:\/\/freilab.de\/?p=1696\" class=\"sya_postlink post-1696\" rel=\"bookmark\">Zukunftsworkshop 2018 &#8211; so war&#8217;s<\/a> <span class=\"sya_comments\"><span class=\"sya_bracket\">(<\/span>0<span class=\"sya_bracket\">)<\/span><\/span> <span class=\"sya_categories\"><span class=\"sya_bracket\">(<\/span>Archiv<span class=\"sya_bracket\">)<\/span><\/span> <span class=\"sya_author\">(by Dominik Brand)<\/span><\/div><\/li><li class=\"\"><div class=\"sya_postcontent\"><span class=\"sya_date\">23. August. 2018 <span class=\"sya_sep\"> <\/span><\/span><a href=\"https:\/\/freilab.de\/?p=75\" class=\"sya_postlink post-75\" rel=\"bookmark\">Die Zukunft programmieren: Jugend-Hackathon f\u00fcr kreative K\u00f6pfe in Freiburg<\/a> <span class=\"sya_comments\"><span class=\"sya_bracket\">(<\/span>0<span class=\"sya_bracket\">)<\/span><\/span> <span class=\"sya_categories\"><span class=\"sya_bracket\">(<\/span>Archiv<span class=\"sya_bracket\">)<\/span><\/span> <span class=\"sya_author\">(by Dominik Brand)<\/span><\/div><\/li><li class=\"\"><div class=\"sya_postcontent\"><span class=\"sya_date\">20. Mai. 2018 <span class=\"sya_sep\"> <\/span><\/span><a href=\"https:\/\/freilab.de\/?p=1699\" class=\"sya_postlink post-1699\" rel=\"bookmark\">Upcycling-Kurse mit Jugendlichen starten!<\/a> <span class=\"sya_categories\"><span class=\"sya_bracket\">(<\/span>Archiv<span class=\"sya_bracket\">)<\/span><\/span> <span class=\"sya_author\">(by Dominik Brand)<\/span><\/div><\/li><li class=\"\"><div class=\"sya_postcontent\"><span class=\"sya_date\">17. April. 2018 <span class=\"sya_sep\"> <\/span><\/span><a href=\"https:\/\/freilab.de\/?p=1687\" class=\"sya_postlink post-1687\" rel=\"bookmark\">Putz- und Aufr\u00e4umtag am 14.04. &#8211; DANKE, sch\u00f6n!<\/a> <span class=\"sya_comments\"><span class=\"sya_bracket\">(<\/span>0<span class=\"sya_bracket\">)<\/span><\/span> <span class=\"sya_categories\"><span class=\"sya_bracket\">(<\/span>Archiv<span class=\"sya_bracket\">)<\/span><\/span> <span class=\"sya_author\">(by Dominik Brand)<\/span><\/div><\/li><li class=\"\"><div class=\"sya_postcontent\"><span class=\"sya_date\">28. M\u00e4rz. 2018 <span class=\"sya_sep\"> <\/span><\/span><a href=\"https:\/\/freilab.de\/?p=1679\" class=\"sya_postlink post-1679\" rel=\"bookmark\">VHS-Kurse im FREILab: &#8222;Pimp your Kleid&#8220; und &#8222;Siebdruck&#8220;<\/a> <span class=\"sya_comments\"><span class=\"sya_bracket\">(<\/span>0<span class=\"sya_bracket\">)<\/span><\/span> <span class=\"sya_categories\"><span class=\"sya_bracket\">(<\/span>Archiv<span class=\"sya_bracket\">)<\/span><\/span> <span class=\"sya_author\">(by Dominik Brand)<\/span><\/div><\/li><li class=\"\"><div class=\"sya_postcontent\"><span class=\"sya_date\">10. M\u00e4rz. 2018 <span class=\"sya_sep\"> <\/span><\/span><a href=\"https:\/\/freilab.de\/?p=1681\" class=\"sya_postlink post-1681\" rel=\"bookmark\">Caf\u00e9 FREILab am 22.03.: &#8222;The Things Network&#8220;<\/a> <span class=\"sya_comments\"><span class=\"sya_bracket\">(<\/span>0<span class=\"sya_bracket\">)<\/span><\/span> <span class=\"sya_categories\"><span class=\"sya_bracket\">(<\/span>Archiv<span class=\"sya_bracket\">)<\/span><\/span> <span class=\"sya_author\">(by Dominik Brand)<\/span><\/div><\/li><li class=\"\"><div class=\"sya_postcontent\"><span class=\"sya_date\">10. Februar. 2018 <span class=\"sya_sep\"> <\/span><\/span><a href=\"https:\/\/freilab.de\/?p=1685\" class=\"sya_postlink post-1685\" rel=\"bookmark\">VHS-Siebdruckkurs mit Doris Brose<\/a> <span class=\"sya_comments\"><span class=\"sya_bracket\">(<\/span>0<span class=\"sya_bracket\">)<\/span><\/span> <span class=\"sya_categories\"><span class=\"sya_bracket\">(<\/span>Archiv<span class=\"sya_bracket\">)<\/span><\/span> <span class=\"sya_author\">(by Dominik Brand)<\/span><\/div><\/li><li class=\"\"><div class=\"sya_postcontent\"><span class=\"sya_date\">1. Februar. 2018 <span class=\"sya_sep\"> <\/span><\/span><a href=\"https:\/\/freilab.de\/?p=1677\" class=\"sya_postlink post-1677\" rel=\"bookmark\">Lasercutter!<\/a> <span class=\"sya_comments\"><span class=\"sya_bracket\">(<\/span>0<span class=\"sya_bracket\">)<\/span><\/span> <span class=\"sya_categories\"><span class=\"sya_bracket\">(<\/span>Archiv<span class=\"sya_bracket\">)<\/span><\/span> <span class=\"sya_author\">(by Dominik Brand)<\/span><\/div><\/li><\/ul><a id=\"year2017\"><\/a>2017<ul><li class=\"\"><div class=\"sya_postcontent\"><span class=\"sya_date\">19. November. 2017 <span class=\"sya_sep\"> <\/span><\/span><a href=\"https:\/\/freilab.de\/?p=1674\" class=\"sya_postlink post-1674\" rel=\"bookmark\">Lernen und Erfahrungsaustausch &#8211; die Themen-Treffpunkte<\/a> <span class=\"sya_comments\"><span class=\"sya_bracket\">(<\/span>0<span class=\"sya_bracket\">)<\/span><\/span> <span class=\"sya_categories\"><span class=\"sya_bracket\">(<\/span>Archiv<span class=\"sya_bracket\">)<\/span><\/span> <span class=\"sya_author\">(by Dominik Brand)<\/span><\/div><\/li><li class=\"\"><div class=\"sya_postcontent\"><span class=\"sya_date\">26. September. 2017 <span class=\"sya_sep\"> <\/span><\/span><a href=\"https:\/\/freilab.de\/?p=1670\" class=\"sya_postlink post-1670\" rel=\"bookmark\">Zukunftsworkshop<\/a> <span class=\"sya_comments\"><span class=\"sya_bracket\">(<\/span>0<span class=\"sya_bracket\">)<\/span><\/span> <span class=\"sya_categories\"><span class=\"sya_bracket\">(<\/span>Archiv<span class=\"sya_bracket\">)<\/span><\/span> <span class=\"sya_author\">(by Dominik Brand)<\/span><\/div><\/li><li class=\"\"><div class=\"sya_postcontent\"><span class=\"sya_date\">10. Juli. 2017 <span class=\"sya_sep\"> <\/span><\/span><a href=\"https:\/\/freilab.de\/?p=1672\" class=\"sya_postlink post-1672\" rel=\"bookmark\">12. Juli: Reparatur-Caf\u00e9 im FREILab!<\/a> <span class=\"sya_comments\"><span class=\"sya_bracket\">(<\/span>0<span class=\"sya_bracket\">)<\/span><\/span> <span class=\"sya_categories\"><span class=\"sya_bracket\">(<\/span>Archiv<span class=\"sya_bracket\">)<\/span><\/span> <span class=\"sya_author\">(by Dominik Brand)<\/span><\/div><\/li><li class=\"\"><div class=\"sya_postcontent\"><span class=\"sya_date\">7. Juli. 2017 <span class=\"sya_sep\"> <\/span><\/span><a href=\"https:\/\/freilab.de\/?p=1668\" class=\"sya_postlink post-1668\" rel=\"bookmark\">Einladung: Feinstaubsensorbasteln<\/a> <span class=\"sya_comments\"><span class=\"sya_bracket\">(<\/span>0<span class=\"sya_bracket\">)<\/span><\/span> <span class=\"sya_categories\"><span class=\"sya_bracket\">(<\/span>Archiv<span class=\"sya_bracket\">)<\/span><\/span> <span class=\"sya_author\">(by Dominik Brand)<\/span><\/div><\/li><li class=\"\"><div class=\"sya_postcontent\"><span class=\"sya_date\">6. Juli. 2017 <span class=\"sya_sep\"> <\/span><\/span><a href=\"https:\/\/freilab.de\/?p=1665\" class=\"sya_postlink post-1665\" rel=\"bookmark\">We proudly present&#8230;<\/a> <span class=\"sya_comments\"><span class=\"sya_bracket\">(<\/span>0<span class=\"sya_bracket\">)<\/span><\/span> <span class=\"sya_categories\"><span class=\"sya_bracket\">(<\/span>Archiv<span class=\"sya_bracket\">)<\/span><\/span> <span class=\"sya_author\">(by Dominik Brand)<\/span><\/div><\/li><li class=\"\"><div class=\"sya_postcontent\"><span class=\"sya_date\">22. Juni. 2017 <span class=\"sya_sep\"> <\/span><\/span><a href=\"https:\/\/freilab.de\/?p=1663\" class=\"sya_postlink post-1663\" rel=\"bookmark\">Tag der Offenen T\u00fcr am 1. Juli<\/a> <span class=\"sya_comments\"><span class=\"sya_bracket\">(<\/span>0<span class=\"sya_bracket\">)<\/span><\/span> <span class=\"sya_categories\"><span class=\"sya_bracket\">(<\/span>Archiv<span class=\"sya_bracket\">)<\/span><\/span> <span class=\"sya_author\">(by Dominik Brand)<\/span><\/div><\/li><li class=\"\"><div class=\"sya_postcontent\"><span class=\"sya_date\">4. Juni. 2017 <span class=\"sya_sep\"> <\/span><\/span><a href=\"https:\/\/freilab.de\/?p=1661\" class=\"sya_postlink post-1661\" rel=\"bookmark\">Der eigenbau Lasercutter kommt!<\/a> <span class=\"sya_comments\"><span class=\"sya_bracket\">(<\/span>0<span class=\"sya_bracket\">)<\/span><\/span> <span class=\"sya_categories\"><span class=\"sya_bracket\">(<\/span>Archiv<span class=\"sya_bracket\">)<\/span><\/span> <span class=\"sya_author\">(by Dominik Brand)<\/span><\/div><\/li><li class=\"\"><div class=\"sya_postcontent\"><span class=\"sya_date\">30. Januar. 2017 <span class=\"sya_sep\"> <\/span><\/span><a href=\"https:\/\/freilab.de\/?p=77\" class=\"sya_postlink post-77\" rel=\"bookmark\">FREILab Freiburg e.V. zieht in die Ensisheimer Str.<\/a> <span class=\"sya_comments\"><span class=\"sya_bracket\">(<\/span>0<span class=\"sya_bracket\">)<\/span><\/span> <span class=\"sya_categories\"><span class=\"sya_bracket\">(<\/span>Archiv<span class=\"sya_bracket\">)<\/span><\/span> <span class=\"sya_author\">(by Sebastian M\u00fcller)<\/span><\/div><\/li><\/ul><a id=\"year2016\"><\/a>2016<ul><li class=\"\"><div class=\"sya_postcontent\"><span class=\"sya_date\">24. Februar. 2016 <span class=\"sya_sep\"> <\/span><\/span><a href=\"https:\/\/freilab.de\/?p=1659\" class=\"sya_postlink post-1659\" rel=\"bookmark\">FREILab auf der GETEC-Messe in Freiburg (26.-28. Februar)<\/a> <span class=\"sya_comments\"><span class=\"sya_bracket\">(<\/span>0<span class=\"sya_bracket\">)<\/span><\/span> <span class=\"sya_categories\"><span class=\"sya_bracket\">(<\/span>Archiv<span class=\"sya_bracket\">)<\/span><\/span> <span class=\"sya_author\">(by Dominik Brand)<\/span><\/div><\/li><li class=\"\"><div class=\"sya_postcontent\"><span class=\"sya_date\">21. Februar. 2016 <span class=\"sya_sep\"> <\/span><\/span><a href=\"https:\/\/freilab.de\/?p=1657\" class=\"sya_postlink post-1657\" rel=\"bookmark\">Vereinsgr\u00fcndung steht bevor<\/a> <span class=\"sya_comments\"><span class=\"sya_bracket\">(<\/span>0<span class=\"sya_bracket\">)<\/span><\/span> <span class=\"sya_categories\"><span class=\"sya_bracket\">(<\/span>Archiv<span class=\"sya_bracket\">)<\/span><\/span> <span class=\"sya_author\">(by Dominik Brand)<\/span><\/div><\/li><li class=\"\"><div class=\"sya_postcontent\"><span class=\"sya_date\">21. Februar. 2016 <span class=\"sya_sep\"> <\/span><\/span><a href=\"https:\/\/freilab.de\/?p=1651\" class=\"sya_postlink post-1651\" rel=\"bookmark\">FREILab-Orga-Stammtisch am Donnerstag, 4.2.<\/a> <span class=\"sya_comments\"><span class=\"sya_bracket\">(<\/span>0<span class=\"sya_bracket\">)<\/span><\/span> <span class=\"sya_categories\"><span class=\"sya_bracket\">(<\/span>Archiv<span class=\"sya_bracket\">)<\/span><\/span> <span class=\"sya_author\">(by Dominik Brand)<\/span><\/div><\/li><li class=\"\"><div class=\"sya_postcontent\"><span class=\"sya_date\">24. Januar. 2016 <span class=\"sya_sep\"> <\/span><\/span><a href=\"https:\/\/freilab.de\/?p=1655\" class=\"sya_postlink post-1655\" rel=\"bookmark\">FREILab-Priorit\u00e4tenliste<\/a> <span class=\"sya_comments\"><span class=\"sya_bracket\">(<\/span>0<span class=\"sya_bracket\">)<\/span><\/span> <span class=\"sya_categories\"><span class=\"sya_bracket\">(<\/span>Archiv<span class=\"sya_bracket\">)<\/span><\/span> <span class=\"sya_author\">(by Dominik Brand)<\/span><\/div><\/li><\/ul><\/div>\n","protected":false},"excerpt":{"rendered":"","protected":false},"author":5,"featured_media":0,"parent":540,"menu_order":0,"comment_status":"closed","ping_status":"closed","template":"","meta":{"inline_featured_image":false,"ngg_post_thumbnail":0,"footnotes":""},"class_list":["post-1105","page","type-page","status-publish","hentry"],"_links":{"self":[{"href":"https:\/\/freilab.de\/index.php?rest_route=\/wp\/v2\/pages\/1105","targetHints":{"allow":["GET"]}}],"collection":[{"href":"https:\/\/freilab.de\/index.php?rest_route=\/wp\/v2\/pages"}],"about":[{"href":"https:\/\/freilab.de\/index.php?rest_route=\/wp\/v2\/types\/page"}],"author":[{"embeddable":true,"href":"https:\/\/freilab.de\/index.php?rest_route=\/wp\/v2\/users\/5"}],"replies":[{"embeddable":true,"href":"https:\/\/freilab.de\/index.php?rest_route=%2Fwp%2Fv2%2Fcomments&post=1105"}],"version-history":[{"count":23,"href":"https:\/\/freilab.de\/index.php?rest_route=\/wp\/v2\/pages\/1105\/revisions"}],"predecessor-version":[{"id":1479,"href":"https:\/\/freilab.de\/index.php?rest_route=\/wp\/v2\/pages\/1105\/revisions\/1479"}],"up":[{"embeddable":true,"href":"https:\/\/freilab.de\/index.php?rest_route=\/wp\/v2\/pages\/540"}],"wp:attachment":[{"href":"https:\/\/freilab.de\/index.php?rest_route=%2Fwp%2Fv2%2Fmedia&parent=1105"}],"curies":[{"name":"wp","href":"https:\/\/api.w.org\/{rel}","templated":true}]}}