{"id":1881,"date":"2025-03-06T21:14:15","date_gmt":"2025-03-06T20:14:15","guid":{"rendered":"https:\/\/freilab.de\/?page_id=1881"},"modified":"2026-04-02T12:18:14","modified_gmt":"2026-04-02T10:18:14","slug":"kooperationen","status":"publish","type":"page","link":"https:\/\/freilab.de\/?page_id=1881","title":{"rendered":"Kooperationen"},"content":{"rendered":"\n<figure class=\"wp-block-image size-full is-resized\"><img data-dominant-color=\"f6efed\" data-has-transparency=\"false\" loading=\"lazy\" decoding=\"async\" width=\"776\" height=\"292\" src=\"https:\/\/freilab.de\/wp-content\/uploads\/2023\/03\/verbund-offener-werkstaetten.webp\" alt=\"\" class=\"wp-image-1562 not-transparent\" style=\"--dominant-color: #f6efed; width:335px;height:126px\" srcset=\"https:\/\/freilab.de\/wp-content\/uploads\/2023\/03\/verbund-offener-werkstaetten.webp 776w, https:\/\/freilab.de\/wp-content\/uploads\/2023\/03\/verbund-offener-werkstaetten-300x113.webp 300w, https:\/\/freilab.de\/wp-content\/uploads\/2023\/03\/verbund-offener-werkstaetten-768x289.webp 768w, https:\/\/freilab.de\/wp-content\/uploads\/2023\/03\/verbund-offener-werkstaetten-230x87.webp 230w, https:\/\/freilab.de\/wp-content\/uploads\/2023\/03\/verbund-offener-werkstaetten-350x132.webp 350w, https:\/\/freilab.de\/wp-content\/uploads\/2023\/03\/verbund-offener-werkstaetten-480x181.webp 480w\" sizes=\"auto, (max-width: 776px) 100vw, 776px\" \/><\/figure>\n\n\n\n<p>Der&nbsp;<a href=\"https:\/\/www.offene-werkstaetten.org\/\"><strong>Verbund Offener Werkst\u00e4tten<\/strong><\/a> ist ein Zusammenschluss von Projekten und Initiativen, die Offene Werkst\u00e4tten f\u00fcr Handwerk, Kunst, Reparatur, Re- und Upcycling, Prototyping und andere Aktivit\u00e4ten betreiben. Der Verbund versteht sich als Plattform von offenen Infrastruktur-Projekten, die zum Mitmachen und Ausprobieren einladen sowie Selbstorganisation und Eigenarbeit f\u00f6rdern.<\/p>\n\n\n\n<h2 class=\"wp-block-heading\">E.O.S. Haus1 (Kleineschholz)<\/h2>\n\n\n\n<p>\nEin Projekt des Mietsh\u00e4user Syndikat &#8211; <a href=\"https:\/\/kleineschholz-syndikat.org\/eos-elinor-ostrom-siedlungsprojekt-1\/\">Elinor-Ostrom-Siedlungs-Initiative Haus1<\/a><\/br>\n<p>Der  Verein  EOS  Haus  1  e.V.  ist  Mitglied  im  Mietsh\u00e4user  Syndikat  und  als  aktiver  Teil  des  Netzwerk Kleineschholz  in  engem  Austausch  und  in  Kooperation  mit  den  Projekten  der  Dachgenossenschaft Wohnen f\u00fcr Alle eG und der Esche eG.<\/p>\n<a href=\"https:\/\/freilab.de\/wp-content\/uploads\/2025\/03\/Einleger_EOS.pdf\">Flyer Einleger EOS<\/a><\/br>\n<a href=\"\/wp-content\/uploads\/2025\/03\/KESH-Flyer-2024.pdf\">Erk\u00e4rung Syndikatsprojekte Kleineschholz<\/a>\n<\/p>\n\n\n\n<figure class=\"wp-block-image size-full\"><img data-dominant-color=\"d9708a\" data-has-transparency=\"false\" style=\"--dominant-color: #d9708a;\" loading=\"lazy\" decoding=\"async\" width=\"400\" height=\"207\" src=\"https:\/\/freilab.de\/wp-content\/uploads\/2025\/11\/EOS-Logo-_-fur-weissen-Hintergrund-e1760471457177-400x207-1.avif\" alt=\"E.O.S.* Haus1\" class=\"wp-image-2241 not-transparent\" srcset=\"https:\/\/freilab.de\/wp-content\/uploads\/2025\/11\/EOS-Logo-_-fur-weissen-Hintergrund-e1760471457177-400x207-1.avif 400w, https:\/\/freilab.de\/wp-content\/uploads\/2025\/11\/EOS-Logo-_-fur-weissen-Hintergrund-e1760471457177-400x207-1-300x155.avif 300w, https:\/\/freilab.de\/wp-content\/uploads\/2025\/11\/EOS-Logo-_-fur-weissen-Hintergrund-e1760471457177-400x207-1-230x119.avif 230w, https:\/\/freilab.de\/wp-content\/uploads\/2025\/11\/EOS-Logo-_-fur-weissen-Hintergrund-e1760471457177-400x207-1-350x181.avif 350w\" sizes=\"auto, (max-width: 400px) 100vw, 400px\" \/><\/figure>\n\n\n\n<h2 class=\"wp-block-heading\">Reparaturcaf\u00e9 Freiburg<\/h2>\n\n\n\n<p>Das <a href=\"https:\/\/reparaturcafe-freiburg.de\/termine\" target=\"_blank\" rel=\"noreferrer noopener\"><strong>Reparaturcaf\u00e9 Freiburg<\/strong><\/a> findet einmal pro Monat bei uns im FREILab statt! Wir freuen uns sehr, die ehrenamtlichen Reparaturmeister:innen bei uns zu haben. Sie kriegen (fast) alles wieder flott, was ihr selbst hereintragen k\u00f6nnt.<\/p>\n\n\n\n<figure class=\"wp-block-image\"><img decoding=\"async\" src=\"https:\/\/freilab.de\/wp-content\/uploads\/2020\/11\/repcafe-1-300x200.jpg\" alt=\"Logo des Reparaturcafes\"\/><\/figure>\n\n\n<p><!-- \/wp:post-content --><br \/><!-- wp:heading {\"level\":2} --><\/p>\n<h2>Balkon.Solar e.V.<\/h2>\n<p>Ein hoch auf <a href=\"https:\/\/balkon.solar\" target=\"_blank\" rel=\"noopener\">Balkon.Solar e.V.<\/a> \u2013 f\u00fcr all die kreativen Bastelprojekte die in unseren R\u00e4umen stattfinden und die immer wieder inspirierenden Gespr\u00e4che zur Energiewende! Der Verein bietet auch Workshops in unseren R\u00e4umlichkeiten an, um auf dem laufenden zu bleiben, lohnt sich ein Blick in das Kursangebot und auf die Webseite des Balkon.Solar e.V.<\/p>\n<p><!-- wp:image --><\/p>\n<figure class=\"wp-block-image\"><img decoding=\"async\" src=\"https:\/\/freilab.de\/wp-content\/uploads\/2025\/10\/balkon-solar.avif\" alt=\"Logo des Balkon.Solar Vereins\" width=\"200px\"\/><\/figure>\n<p><!-- \/wp:image --><\/p>\n<p><!-- \/wp:heading --><br \/><!-- wp:heading {\"level\":2} --><\/p>\n<h2>Allgemeiner Deutscher Fahrrad-Club (ADFC)<\/h2>\n<p>Seit einigen Jahren kooperieren wir mit dem ADFC Kreisverband Freiburg\/Emmendingen\/Breisgau-Hochschwarzwald. Es wird mehrmals im Jahr im FREILab eine Fahrradcodieraktion veranstaltet. Zudem werden auch Workshops angeboten. <a href=\"https:\/\/freiburg.adfc.de\" target=\"_blank\" rel=\"noopener\">Hier geht es zum ADFC<\/a><\/p>\n<p><!-- wp:image --><\/p>\n<figure class=\"wp-block-image\"><img decoding=\"async\" src=\"https:\/\/freilab.de\/wp-content\/uploads\/2025\/10\/adfc-logo.avif\" alt=\"Logo des ADFC Freiburg Emmendingen Breiisgau-Hochschwarzwald\" width=\"350px\"\/><\/figure>\n<p><!-- \/wp:image --><\/p>\n<h2 class=\"wp-block-heading\">Werksalon<\/h2>\n<p><!-- \/wp:heading --><br \/><!-- wp:paragraph --><\/p>\n<p><!-- wp:image --><\/p>\n<figure class=\"wp-block-image\"><img decoding=\"async\" src=\"\/wp-content\/uploads\/2025\/05\/thumbnail_Werksalon-RGB-1-300dpi.avif\" alt=\"Logo des Werksalon Wien\" width=\"500px\"\/><\/figure>\n<p><!-- \/wp:image --><\/p>\n<p><!-- wp:paragraph --><\/p>\n<p>Ein Dank geht auch an den <a href=\"https:\/\/werksalon.at\" target=\"_blank\" rel=\"noopener\">Werksalon in Wien<\/a> f\u00fcr die Bereitstellung der Einweisungsvideos. Diese verwenden wir, um unsere Mitglieder im sicheren Umgang mit Werkzeug zu schulen.<\/p>\n<p><!-- \/wp:paragraph --><\/p>\n<p><!-- \/wp:paragraph --><br \/><!-- wp:heading {\"level\":2} --><\/p>\n<h2 class=\"wp-block-heading\">Anstiftung<\/h2>\n<p><!-- \/wp:heading --><br \/><!-- wp:paragraph --><\/p>\n<p><!-- wp:image --><\/p>\n<figure class=\"wp-block-image\"><img decoding=\"async\" src=\"https:\/\/freilab.de\/wp-content\/uploads\/2020\/11\/anstiftungslogo-farbig-300dpi.jpg\" alt=\"Logo der Stiftungsgemeinschaft anstiftung &amp; ertomis\" \/><\/figure>\n<p><!-- \/wp:image --><\/p>\n<p><!-- wp:paragraph --><\/p>\n<p>Die Stiftungsgemeinschaft\u00a0<a href=\"https:\/\/anstiftung.de\/\" target=\"_blank\" rel=\"noopener noreferrer\"><strong>anstiftung &amp; ertomis<\/strong><\/a> ist eine gemeinn\u00fctzige GmbH, die insbesondere offene Werkst\u00e4tten, Reparatur-Initiativen und Gemeinschaftsg\u00e4rten f\u00f6rdert. Sie stand uns schon mehrfach mit Rat und Tat zur Seite und unterst\u00fctzte insbesondere die Anschaffung unseres Eigenbau-Lasercutters mit einer gro\u00dfz\u00fcgigen Zuwendung.<\/p>\n<p><!-- \/wp:paragraph --><\/p>\n<p><!-- \/wp:paragraph --><br \/><!-- wp:heading {\"level\":2} --><\/p>\n<h2 class=\"wp-block-heading\">Gr\u00fcnhof<\/h2>\n<p><!-- \/wp:heading --><br \/><!-- wp:paragraph --><\/p>\n<p><!-- wp:image --><\/p>\n<figure class=\"wp-block-image\"><img decoding=\"async\" src=\"https:\/\/freilab.de\/wp-content\/uploads\/2020\/11\/gruenhof-logo.png\" alt=\"Logo Gr\u00fcnhof\" \/><\/figure>\n<p><!-- \/wp:image --><\/p>\n<p><!-- wp:paragraph --><\/p>\n<p>Unser herzlicher Dank gilt dem <a href=\"https:\/\/gruenhof.org\/\"><strong>\u201eGr\u00fcnhof e.V. \u2013 Verein f\u00fcr gesellschaftliche Innovation\u201c<\/strong><\/a>, dessen Team uns mit Rat und Tat zur Seite steht und in dessen R\u00e4umlichkeiten unser Verein gegr\u00fcndet wurde! In der Freiburger Gr\u00fcnderszene nat\u00fcrlich bestens bekannt und geachtet, ist der Gr\u00fcnhof ein toller Anlaufpunkt f\u00fcr Gr\u00fcnder und Innovatoren.<\/p>\n<p><!-- \/wp:paragraph --><\/p>\n<p><!-- \/wp:paragraph --><br \/><!-- wp:heading {\"level\":2} --><\/p>\n<h2 class=\"wp-block-heading\">CCCFr<\/h2>\n<p>Die Menschen vom <a href=\"https:\/\/cccfr.de\/\"><strong>Chaos Computer Club Freiburg e.V.<\/strong><\/a> haben uns aus der Patsche geholfen als wir die Terminplanung f\u00fcr die R\u00e4ume unseres Orga-Treffens vermasselt haben und stehen uns auch sonst immer mit vielen praktischen Tipps und Erfahrungswerten zur Seite. Ein herzliches Dankesch\u00f6n an das ganze Team! Eure Elektronik-Werkstatt und das Freifunk-Projekt sind einfach spitze!<\/p>\n<p><!-- \/wp:heading --><\/p>\n<p><!-- wp:image --><\/p>\n<figure class=\"wp-block-image\"><img decoding=\"async\" src=\"https:\/\/freilab.de\/wp-content\/uploads\/2020\/11\/cccfr.png\" alt=\"Logo Chaos Computer Club Freiburg\" \/><\/figure>\n<p><!-- \/wp:image --><br \/><!-- wp:heading {\"level\":2} --><\/p>\n<h2 class=\"wp-block-heading\">Volkshochschule Freiburg<\/h2>\n<p><!-- \/wp:heading --><br \/><!-- wp:image --><\/p>\n<figure class=\"wp-block-image\"><img decoding=\"async\" src=\"https:\/\/freilab.de\/wp-content\/uploads\/2020\/11\/vhs.gif\" alt=\"Logo der Volkshochschule Freiburg\" \/><\/figure>\n<p><!-- wp:paragraph --><br \/><!-- \/wp:paragraph --><br \/><!-- \/wp:image --><\/p>\n<p><!-- wp:paragraph --><\/p>\n<p>Die <a href=\"http:\/\/vhs-freiburg.de\/\"><strong>Volkshochschule Freiburg<\/strong><\/a> versteht sich \u2013 insbesondere in der Vernetzung mit b\u00fcrgerschaftlichen Initiativen und Gruppen (wie dem FREILab Freiburg e.V.) \u2013 als Forum der Begegnung und Auseinandersetzung f\u00fcr die Bev\u00f6lkerung der \u201elernenden Stadt\u201c. Sie bietet ein breitgef\u00e4chertes, kritisch-reflektiertes Angebot an Information, Bildungsberatung, Qualifikation, Selbsterfahrung und Kommunikation f\u00fcr Menschen aller sozialen Schichten, Kulturen und Altersgruppen.<\/p>\n<p><!-- \/wp:paragraph --><\/p>\n<p><!-- wp:paragraph --><br \/><!-- wp:heading {\"level\":2} --><\/p>\n<h2 class=\"wp-block-heading\">Hans Sauer Stiftung<\/h2>\n<p><!-- \/wp:heading --><\/p>\n<p>Im ersten Halbjahr 2018 fand im FREILab ein Upcycling-Programm statt, bei dem Jugendliche selbst erfahren konnten, wie man aus abgelegten Teilen neue, n\u00fctzliche und sch\u00f6ne Dinge basteln kann. Dieses Projekt konnte stattfinden dank der gro\u00dfz\u00fcgigen F\u00f6rderung durch die <strong><a href=\"http:\/\/www.hanssauerstiftung.de\/\">Hans Sauer Stiftung<\/a> <\/strong>\u2013 vielen Dank daf\u00fcr!<\/p>\n<p><!-- \/wp:paragraph --><\/p>\n<p><!-- wp:image --><\/p>\n<figure class=\"wp-block-image\"><img decoding=\"async\" src=\"https:\/\/freilab.de\/wp-content\/uploads\/2020\/11\/HSS-Logo_2012_RGB_fett_300dpi.jpg\" alt=\"Logo der Hans Sauer Stiftung\" \/><\/figure>\n<p><!-- \/wp:image --><br \/><!-- wp:latest-posts \/--><br \/><!-- \/wp:paragraph --><br \/><!-- wp:heading {\"level\":2} --><\/p>\n<h2 class=\"wp-block-heading\">Bundesministerium f\u00fcr Umwelt, Naturschutz, nukleare Sicherheit und Verbraucherschutz<\/h2>\n<p><!-- \/wp:heading --><br \/><!-- wp:paragraph --><br \/><!-- wp:image --><\/p>\n<figure class=\"wp-block-image size-full\"><img data-dominant-color=\"f6efed\" data-has-transparency=\"false\" decoding=\"async\" class=\"wp-image-1562 not-transparent\" style=\"--dominant-color: #f6efed; width: 600px;\" src=\"\/wp-content\/uploads\/2025\/03\/BMUV_Fz_2021_WebSVG_de.svg\" alt=\"\" \/><\/figure>\n<p><!-- \/wp:image --><\/p>\n<p><!-- wp:heading {\"level\":2} --><\/p>\n<h1 class=\"wp-block-heading\">Vergangene Kooperationen<\/h1>\n<p><!-- \/wp:heading --><\/p>\n<p><!-- wp:paragraph --><br \/><!-- wp:heading {\"level\":2} --><\/p>\n<h2 class=\"wp-block-heading\">Pausenraum<\/h2>\n<p><!-- \/wp:heading --><br \/><!-- wp:image --><\/p>\n<figure class=\"wp-block-image\"><img decoding=\"async\" src=\"https:\/\/freilab.de\/wp-content\/uploads\/2020\/11\/pausenraum_logo_sm.png\" alt=\"Logo des Pausenraums\" \/><\/figure>\n<p><!-- \/wp:image --><\/p>\n<p>Besonders ins Herz geschlossen haben wir nat\u00fcrlich die M\u00e4dels vom <strong>Pausenraum<\/strong>! In ihrem wundersch\u00f6nen Caf\u00e9 in Z\u00e4hringen durften wir unsere Orgatreffen abhalten, bevor wir unsere eigenen R\u00e4ume hatten. Dazu wurden wir auch noch mit den allerbesten, selbstgemachten Kuchen verw\u00f6hnt, die man sich vorstellen kann. Schaut mal bei ihnen vorbei, sch\u00f6ner kann eine Pause nicht sein!\u00a0<\/p>\n<p><!-- \/wp:paragraph --><\/p>","protected":false},"excerpt":{"rendered":"<p>Der&nbsp;Verbund Offener Werkst\u00e4tten ist ein Zusammenschluss von Projekten und Initiativen, die Offene Werkst\u00e4tten f\u00fcr Handwerk, Kunst, Reparatur, Re- und Upcycling, Prototyping und [&hellip;]<\/p>\n","protected":false},"author":5,"featured_media":0,"parent":0,"menu_order":0,"comment_status":"closed","ping_status":"closed","template":"","meta":{"inline_featured_image":false,"ngg_post_thumbnail":0,"footnotes":""},"class_list":["post-1881","page","type-page","status-publish","hentry"],"_links":{"self":[{"href":"https:\/\/freilab.de\/index.php?rest_route=\/wp\/v2\/pages\/1881","targetHints":{"allow":["GET"]}}],"collection":[{"href":"https:\/\/freilab.de\/index.php?rest_route=\/wp\/v2\/pages"}],"about":[{"href":"https:\/\/freilab.de\/index.php?rest_route=\/wp\/v2\/types\/page"}],"author":[{"embeddable":true,"href":"https:\/\/freilab.de\/index.php?rest_route=\/wp\/v2\/users\/5"}],"replies":[{"embeddable":true,"href":"https:\/\/freilab.de\/index.php?rest_route=%2Fwp%2Fv2%2Fcomments&post=1881"}],"version-history":[{"count":37,"href":"https:\/\/freilab.de\/index.php?rest_route=\/wp\/v2\/pages\/1881\/revisions"}],"predecessor-version":[{"id":2340,"href":"https:\/\/freilab.de\/index.php?rest_route=\/wp\/v2\/pages\/1881\/revisions\/2340"}],"wp:attachment":[{"href":"https:\/\/freilab.de\/index.php?rest_route=%2Fwp%2Fv2%2Fmedia&parent=1881"}],"curies":[{"name":"wp","href":"https:\/\/api.w.org\/{rel}","templated":true}]}}