{"id":277,"date":"2020-11-21T18:09:23","date_gmt":"2020-11-21T17:09:23","guid":{"rendered":"https:\/\/main.freilab.de\/?page_id=277"},"modified":"2025-03-04T00:25:30","modified_gmt":"2025-03-03T23:25:30","slug":"werkstatt","status":"publish","type":"page","link":"https:\/\/freilab.de\/?page_id=277","title":{"rendered":"Werkstatt"},"content":{"rendered":"<h2>Das FREILab\u200b<\/h2>\n<p>Das FREILab ist die&nbsp;<a href=\"http:\/\/www.offene-werkstaetten.org\/\" target=\"_blank\" rel=\"noreferrer noopener\">Offene Werkstatt<\/a>&nbsp;f\u00fcr Freiburg im Breisgau. Wir halten eine reiche Ausstattung an hochwertigen Werkzeugen bereit, die allen Mitgliedern und Interessierten zur Verf\u00fcgung stehen. Wir bieten den Raum, um eigene Projekte umzusetzen, Dinge zu erschaffen und kaputte Gegenst\u00e4nde zu reparieren. Wir bilden dich weiter, denn im FREILab triffst du Gleichgesinnte und Kreative aus der Do-it-yourself-Szene, dem Makermilieu oder der Design-Ecke. Interessiert? Dann komm vorbei!<\/p>\n<h3>&#8222;Offene Werkstatt&#8220; &#8211; was bedeutet das denn?<\/h3>\n<p>Ganz einfach: Eine Offene Werkstatt ist eine Werkstatt, die der \u00d6ffentlichkeit f\u00fcr eigenes Arbeiten offen steht. Eine Offene Werkstatt bietet allen Benutzer_innen Werkzeuge, Maschinen und den Platz, diese auch einzusetzen.<\/p>\n<p>Werkzeuge sind teuer, f\u00fcr spezielle Einsatzzwecke vorgesehen und werden letztlich typischerweise eher selten gebraucht. Und wer hat schon genug Platz, um sich einen richtigen Werkraum einzurichten? Hier setzt das Konzept der Offenen Werkst\u00e4tten an. Ressourcen und R\u00e4ume werden nicht individualisiert, sondern geteilt. So haben alle Zugang zu besserem Equipment, als es alleine jemals m\u00f6glich w\u00e4re.<\/p>\n<p>Und dazu kommt der wichtigste Faktor: Die Community. Denn das Wichtigste beim Bauen, Herstellen und Reparieren ist das Wissen, wie es geht. Und das lernt man besten im Austausch und der Zusammenarbeit mit anderen.<\/p>\n<h3>Historische Entwicklung der Offenen Werkst\u00e4tten<\/h3>\n<p><\/p>\n\n\n<p>Seit den 1980er Jahren sind in vielen soziokulturellen Zentren und selbstverwalteten Jugendtreffs Offene Werkst\u00e4tten entstanden. Menschen ohne eigenen Keller oder eigene Werkstatt, oder aber ohne Lust, alleine vor sich hinzuwerkeln, schaffen sich hier ihren Aktionsraum, teilen Werkzeug und Wissen, Leidenschaft und Kosten und bieten \u00d6ffnungszeiten f\u00fcr alle interessierten Mitmenschen an.<\/p>\n\n\n\n<p>Einen weiteren Schub gewann die Bewegung ab 2002, als am<a href=\"http:\/\/cba.mit.edu\" target=\"_blank\" rel=\"noreferrer noopener\"> Massachusetts Institute of Technology (MIT) das erste \u201eFabLab\u201c<\/a> (engl. fabrication laboratory) gegr\u00fcndet wurde. Dieses eng verwandte Konzept, das sich bald auch im deutschen Raum ausbreitete, verbindet die Elemente des gemeinsamen Nutzens von Werkzeugen und R\u00e4umen mit der digitalen Welt, indem die Arbeit mit vernetzten und produktionstechnisch innovativen Hilfsmitteln wie beispielsweise gemeinsam aufgebauten und betriebenen 3D-Druckern erfolgt.<\/p>\n\n\n\n<h3 class=\"wp-block-heading\">Verbund Offene Werkst\u00e4tten<\/h3>\n\n\n\n<p>In Deutschland sind viele Offene Werkst\u00e4tten und FabLabs \u00fcber den <a rel=\"noreferrer noopener\" href=\"http:\/\/www.offene-werkstaetten.org\/\" target=\"_blank\">Verbund Offene Werkst\u00e4tten<\/a> vernetzt. Der Verbund unterst\u00fctzt beim Aufbau und Betrieb von Offenen Werkst\u00e4tten, bietet Schulungen und Vernetzungstreffen an und vermittelt eine ma\u00dfgeschneiderte Haftpflichtversicherung. Auch das FREILab ist Mitglied im Verbund Offene Werkst\u00e4tten.<\/p>\n\n\n\n<figure class=\"wp-block-image size-full is-resized\"><img data-dominant-color=\"f6efed\" data-has-transparency=\"false\" style=\"--dominant-color: #f6efed;\" loading=\"lazy\" decoding=\"async\" src=\"https:\/\/freilab.de\/wp-content\/uploads\/2023\/03\/verbund-offener-werkstaetten.webp\" alt=\"\" class=\"wp-image-1562 not-transparent\" width=\"376\" height=\"141\" srcset=\"https:\/\/freilab.de\/wp-content\/uploads\/2023\/03\/verbund-offener-werkstaetten.webp 776w, https:\/\/freilab.de\/wp-content\/uploads\/2023\/03\/verbund-offener-werkstaetten-300x113.webp 300w, https:\/\/freilab.de\/wp-content\/uploads\/2023\/03\/verbund-offener-werkstaetten-768x289.webp 768w, https:\/\/freilab.de\/wp-content\/uploads\/2023\/03\/verbund-offener-werkstaetten-230x87.webp 230w, https:\/\/freilab.de\/wp-content\/uploads\/2023\/03\/verbund-offener-werkstaetten-350x132.webp 350w, https:\/\/freilab.de\/wp-content\/uploads\/2023\/03\/verbund-offener-werkstaetten-480x181.webp 480w\" sizes=\"auto, (max-width: 376px) 100vw, 376px\" \/><\/figure>\n\n\n\n<h2 class=\"wp-block-heading\">Raum und Ausstattung\u200b<\/h2>\n\n\n\n<p>Unsere R\u00e4ume in der Ensisheimer Str. 4 bieten uns 116 m\u00b2 Innenfl\u00e4che und einen sch\u00f6nen Au\u00dfenbereich. Die verschiedenen Bereiche der Werkstatt sind auf dem \u00dcbersichtsplan eingezeichnet. Weiter unten findest du weitere Informationen \u00fcber jeden Bereich.<br><\/p>\n\n\n\n<figure class=\"wp-block-image size-large\"><img loading=\"lazy\" decoding=\"async\" width=\"1024\" height=\"672\" src=\"https:\/\/freilab.de\/wp-content\/uploads\/2021\/10\/Screenshot-from-2021-10-15-16-48-20-1024x672.png\" alt=\"\" class=\"wp-image-700\" srcset=\"https:\/\/freilab.de\/wp-content\/uploads\/2021\/10\/Screenshot-from-2021-10-15-16-48-20-1024x672.png 1024w, https:\/\/freilab.de\/wp-content\/uploads\/2021\/10\/Screenshot-from-2021-10-15-16-48-20-300x197.png 300w, https:\/\/freilab.de\/wp-content\/uploads\/2021\/10\/Screenshot-from-2021-10-15-16-48-20-768x504.png 768w, https:\/\/freilab.de\/wp-content\/uploads\/2021\/10\/Screenshot-from-2021-10-15-16-48-20-830x545.png 830w, https:\/\/freilab.de\/wp-content\/uploads\/2021\/10\/Screenshot-from-2021-10-15-16-48-20-230x151.png 230w, https:\/\/freilab.de\/wp-content\/uploads\/2021\/10\/Screenshot-from-2021-10-15-16-48-20-350x230.png 350w, https:\/\/freilab.de\/wp-content\/uploads\/2021\/10\/Screenshot-from-2021-10-15-16-48-20-480x315.png 480w, https:\/\/freilab.de\/wp-content\/uploads\/2021\/10\/Screenshot-from-2021-10-15-16-48-20.png 1231w\" sizes=\"auto, (max-width: 1024px) 100vw, 1024px\" \/><figcaption class=\"wp-element-caption\">Der neue Plan<\/figcaption><\/figure>\n\n\n\n<h2 class=\"wp-block-heading\">Hauptraum<\/h2>\n\n\n\n<p>In unserem Hauptraum befinden sich die 3D-Drucker i3 MK3S von Prusa mit unterschiedlich gro\u00dfen Druckd\u00fcsen. Au\u00dferdem gibt es hier eine Theke und Getr\u00e4nke, sowie Sofas, um sich in gem\u00fctlicher Atmosph\u00e4re auszutauschen oder an Projekten zu arbeiten.<\/p>\n\n\n\n<figure class=\"wp-block-image size-full\"><a href=\"https:\/\/freilab.de\/wp-content\/uploads\/2022\/12\/IMG_0568.png\" aria-label=\"3D-Drucker\"><img data-dominant-color=\"586542\" data-has-transparency=\"false\" style=\"--dominant-color: #586542;\" loading=\"lazy\" decoding=\"async\" width=\"1024\" height=\"680\" src=\"https:\/\/freilab.de\/wp-content\/uploads\/2023\/03\/3D-Drucker-1024x680-1.webp\" alt=\"\" class=\"wp-image-1547 not-transparent\" srcset=\"https:\/\/freilab.de\/wp-content\/uploads\/2023\/03\/3D-Drucker-1024x680-1.webp 1024w, https:\/\/freilab.de\/wp-content\/uploads\/2023\/03\/3D-Drucker-1024x680-1-300x199.webp 300w, https:\/\/freilab.de\/wp-content\/uploads\/2023\/03\/3D-Drucker-1024x680-1-768x510.webp 768w, https:\/\/freilab.de\/wp-content\/uploads\/2023\/03\/3D-Drucker-1024x680-1-1000x664.webp 1000w, https:\/\/freilab.de\/wp-content\/uploads\/2023\/03\/3D-Drucker-1024x680-1-230x153.webp 230w, https:\/\/freilab.de\/wp-content\/uploads\/2023\/03\/3D-Drucker-1024x680-1-350x232.webp 350w, https:\/\/freilab.de\/wp-content\/uploads\/2023\/03\/3D-Drucker-1024x680-1-480x319.webp 480w\" sizes=\"auto, (max-width: 1024px) 100vw, 1024px\" \/><\/a><\/figure>\n\n\n\n<h2 class=\"wp-block-heading\">Fahrradwerkstatt<\/h2>\n\n\n\n<figure class=\"wp-block-image size-full\"><a href=\"https:\/\/freilab.de\/wp-content\/uploads\/2022\/12\/pano_medium-1.png\" aria-label=\"Fahrradwerkstatt\"><img data-dominant-color=\"847866\" data-has-transparency=\"false\" style=\"--dominant-color: #847866;\" loading=\"lazy\" decoding=\"async\" width=\"1024\" height=\"680\" src=\"https:\/\/freilab.de\/wp-content\/uploads\/2023\/03\/fahrrad_1024x680.webp\" alt=\"\" class=\"wp-image-1548 not-transparent\" srcset=\"https:\/\/freilab.de\/wp-content\/uploads\/2023\/03\/fahrrad_1024x680.webp 1024w, https:\/\/freilab.de\/wp-content\/uploads\/2023\/03\/fahrrad_1024x680-300x199.webp 300w, https:\/\/freilab.de\/wp-content\/uploads\/2023\/03\/fahrrad_1024x680-768x510.webp 768w, https:\/\/freilab.de\/wp-content\/uploads\/2023\/03\/fahrrad_1024x680-1000x664.webp 1000w, https:\/\/freilab.de\/wp-content\/uploads\/2023\/03\/fahrrad_1024x680-230x153.webp 230w, https:\/\/freilab.de\/wp-content\/uploads\/2023\/03\/fahrrad_1024x680-350x232.webp 350w, https:\/\/freilab.de\/wp-content\/uploads\/2023\/03\/fahrrad_1024x680-480x319.webp 480w\" sizes=\"auto, (max-width: 1024px) 100vw, 1024px\" \/><\/a><\/figure>\n\n\n\n<p>In einer Ecke unseres gro\u00dfen Raums findest du alles, was du brauchst, um dein Bike wieder fit zu kriegen:<\/p>\n\n\n\n<ul class=\"wp-block-list\">\n<li>Montagest\u00e4nder<\/li>\n\n\n\n<li>Zentrierst\u00e4nder<\/li>\n\n\n\n<li>Luftpumpe<\/li>\n\n\n\n<li>Drehmomentschl\u00fcssel<\/li>\n\n\n\n<li>Werkzeugsortiment<\/li>\n\n\n\n<li>Kettenpeitsche<\/li>\n\n\n\n<li>Konusschl\u00fcssel<\/li>\n\n\n\n<li>Kettennieter<\/li>\n\n\n\n<li>D\u00e4mpferpumpe<\/li>\n\n\n\n<li>Entl\u00fcftungsset f\u00fcr verschiedene Scheibenbremsen<\/li>\n\n\n\n<li>Ersatzteilsortiment<\/li>\n<\/ul>\n\n\n\n<h2 class=\"wp-block-heading\">Textilwerkstatt<\/h2>\n\n\n\n<p>Ebenfalls im gro\u00dfen Raum ist der Textilbereich untergebracht:<\/p>\n\n\n\n<ul class=\"wp-block-list\">\n<li>Pfaff-N\u00e4hmaschinen<\/li>\n\n\n\n<li>Overlock-N\u00e4hmaschine<\/li>\n\n\n\n<li>Stickmaschine<\/li>\n\n\n\n<li>diverse N\u00e4hutensilien<\/li>\n\n\n\n<li>Faden, Druckkn\u00f6pfe, Stoffe, &#8230;<\/li>\n<\/ul>\n\n\n\n<figure class=\"wp-block-image size-full\"><a href=\"https:\/\/freilab.de\/wp-content\/uploads\/2022\/04\/Naehbereich_neu_.kleinjpg-scaled.jpg\" aria-label=\"Textil\"><img data-dominant-color=\"98989b\" data-has-transparency=\"false\" style=\"--dominant-color: #98989b;\" loading=\"lazy\" decoding=\"async\" width=\"1024\" height=\"680\" src=\"https:\/\/freilab.de\/wp-content\/uploads\/2023\/03\/Naehbereich_neu_.kleinjpg-1024x680-1.webp\" alt=\"\" class=\"wp-image-1551 not-transparent\" srcset=\"https:\/\/freilab.de\/wp-content\/uploads\/2023\/03\/Naehbereich_neu_.kleinjpg-1024x680-1.webp 1024w, https:\/\/freilab.de\/wp-content\/uploads\/2023\/03\/Naehbereich_neu_.kleinjpg-1024x680-1-300x199.webp 300w, https:\/\/freilab.de\/wp-content\/uploads\/2023\/03\/Naehbereich_neu_.kleinjpg-1024x680-1-768x510.webp 768w, https:\/\/freilab.de\/wp-content\/uploads\/2023\/03\/Naehbereich_neu_.kleinjpg-1024x680-1-1000x664.webp 1000w, https:\/\/freilab.de\/wp-content\/uploads\/2023\/03\/Naehbereich_neu_.kleinjpg-1024x680-1-230x153.webp 230w, https:\/\/freilab.de\/wp-content\/uploads\/2023\/03\/Naehbereich_neu_.kleinjpg-1024x680-1-350x232.webp 350w, https:\/\/freilab.de\/wp-content\/uploads\/2023\/03\/Naehbereich_neu_.kleinjpg-1024x680-1-480x319.webp 480w\" sizes=\"auto, (max-width: 1024px) 100vw, 1024px\" \/><\/a><\/figure>\n\n\n\n<h2 class=\"wp-block-heading\">Elektrowerkstatt<\/h2>\n\n\n\n<figure class=\"wp-block-image size-full\"><a href=\"https:\/\/freilab.de\/wp-content\/uploads\/2022\/12\/pano_medium.png\" aria-label=\"Elektrowerkstatt\"><img data-dominant-color=\"767375\" data-has-transparency=\"true\" style=\"--dominant-color: #767375;\" loading=\"lazy\" decoding=\"async\" width=\"1024\" height=\"680\" src=\"https:\/\/freilab.de\/wp-content\/uploads\/2023\/03\/pano_medium_1024x680.webp\" alt=\"\" class=\"wp-image-1552 has-transparency\" srcset=\"https:\/\/freilab.de\/wp-content\/uploads\/2023\/03\/pano_medium_1024x680.webp 1024w, https:\/\/freilab.de\/wp-content\/uploads\/2023\/03\/pano_medium_1024x680-300x199.webp 300w, https:\/\/freilab.de\/wp-content\/uploads\/2023\/03\/pano_medium_1024x680-768x510.webp 768w, https:\/\/freilab.de\/wp-content\/uploads\/2023\/03\/pano_medium_1024x680-1000x664.webp 1000w, https:\/\/freilab.de\/wp-content\/uploads\/2023\/03\/pano_medium_1024x680-230x153.webp 230w, https:\/\/freilab.de\/wp-content\/uploads\/2023\/03\/pano_medium_1024x680-350x232.webp 350w, https:\/\/freilab.de\/wp-content\/uploads\/2023\/03\/pano_medium_1024x680-480x319.webp 480w\" sizes=\"auto, (max-width: 1024px) 100vw, 1024px\" \/><\/a><\/figure>\n\n\n\n<p>In unserem gro\u00dfen Raum kannst du dich gem\u00fctlich auf das Sofa setzen, dir ein k\u00fchles Getr\u00e4nk an der Bar servieren, oder dich an den gro\u00dfen Tisch im Zentrum setzen, um zu zeichnen, diskutieren oder zu programmieren. Um dich herum sind verschiedene Werkstattbereiche aufgebaut, die weniger l\u00e4rmintensiv sind.<\/p>\n\n\n\n<p>Unsere Elektrowerkstatt ist wie folgt ausgestattet:<\/p>\n\n\n\n<ul class=\"wp-block-list\" id=\"block-2efca326-55f5-48b8-b844-3eb816b00790\">\n<li>L\u00f6tstationen<\/li>\n\n\n\n<li>SMD-L\u00f6tsstationen<\/li>\n\n\n\n<li>Reflowofen<\/li>\n\n\n\n<li>Tischlupen &amp; Mikroskop<\/li>\n\n\n\n<li>Oszilloskop<\/li>\n\n\n\n<li>Netzteil<\/li>\n\n\n\n<li>Steckbretter<\/li>\n\n\n\n<li>Bauteilsortiment<\/li>\n<\/ul>\n\n\n\n<h2 class=\"wp-block-heading\">Nerdkammer<\/h2>\n\n\n\n<a href=\"https:\/\/freilab.de\/wp-content\/uploads\/2024\/01\/Lasercutter-scaled.webp\" aria-label=\"Fahrradwerkstatt\"><img data-dominant-color=\"847866\" data-has-transparency=\"false\" style=\"--dominant-color: #847866;\" decoding=\"async\" src=\"https:\/\/freilab.de\/wp-content\/uploads\/2024\/01\/Lasercutter_small-jpg.webp\" alt=\"Lasercutter\" class=\"wp-image-1548 not-transparent\"\/><\/a>\n<br>\n<a href=\"https:\/\/freilab.de\/wp-content\/uploads\/2024\/01\/Lasercutter_Material-jpg.webp\" aria-label=\"Fahrradwerkstatt\"><img data-dominant-color=\"847866\" data-has-transparency=\"false\" style=\"--dominant-color: #847866;\" decoding=\"async\" src=\"https:\/\/freilab.de\/wp-content\/uploads\/2024\/01\/Lasercutter_Material_small-jpg.webp\" alt=\"Lasercutter\" class=\"wp-image-1548 not-transparent\"\/><\/a>\n<br><br>\n<p>Unsere Nerdkammer ist ein kleines Eckzimmer neben dem Hauptraum. Au\u00dferdem befindet sich hier unser Lasercutter Marke Eigenbau, der mit einem 100-W-Laser zum Cutten und Gravieren von MDF, Holz, Plexiglas, Glas und anderen Materialien geeignet ist.<\/p>\n\n\n\n<h2 class=\"wp-block-heading\">Metallwerkstatt<\/h2>\n\n\n\n<figure class=\"wp-block-image size-full\"><a href=\"https:\/\/freilab.de\/wp-content\/uploads\/2022\/04\/Metallwerkstatt_neu-scaled.jpg\" aria-label=\"Metallwerkstatt\"><img data-dominant-color=\"8a8076\" data-has-transparency=\"false\" style=\"--dominant-color: #8a8076;\" loading=\"lazy\" decoding=\"async\" width=\"1024\" height=\"680\" src=\"https:\/\/freilab.de\/wp-content\/uploads\/2023\/03\/Metall-1024x680-1.webp\" alt=\"\" class=\"wp-image-1550 not-transparent\" srcset=\"https:\/\/freilab.de\/wp-content\/uploads\/2023\/03\/Metall-1024x680-1.webp 1024w, https:\/\/freilab.de\/wp-content\/uploads\/2023\/03\/Metall-1024x680-1-300x199.webp 300w, https:\/\/freilab.de\/wp-content\/uploads\/2023\/03\/Metall-1024x680-1-768x510.webp 768w, https:\/\/freilab.de\/wp-content\/uploads\/2023\/03\/Metall-1024x680-1-1000x664.webp 1000w, https:\/\/freilab.de\/wp-content\/uploads\/2023\/03\/Metall-1024x680-1-230x153.webp 230w, https:\/\/freilab.de\/wp-content\/uploads\/2023\/03\/Metall-1024x680-1-350x232.webp 350w, https:\/\/freilab.de\/wp-content\/uploads\/2023\/03\/Metall-1024x680-1-480x319.webp 480w\" sizes=\"auto, (max-width: 1024px) 100vw, 1024px\" \/><\/a><\/figure>\n\n\n\n<p>Unsere gemischte Werkstatt bietet dir zahlreiche Handwerkzeuge und eine gro\u00dfe Werkbank um diese einzusetzen. Alles, was Dreck und L\u00e4rm macht, aber keine Holzarbeit ist, kann in diesem Raum erledigt werden &#8211; insbesondere Metallarbeiten. F\u00fcr besondere Arbeiten wie Schwei\u00dfen und Lackieren gibt es au\u00dferdem einen Metall-Au\u00dfenbereich neben unserer Terrasse.<\/p>\n\n\n\n<p>Ausstattung:<\/p>\n\n\n\n<ul class=\"wp-block-list\" id=\"block-ffffc444-1176-4a7c-b8d9-ae23ca9404eb\">\n<li>Bohr-Fr\u00e4s-Kombi<\/li>\n\n\n\n<li>Drehbank<\/li>\n\n\n\n<li>CNC-Fr\u00e4se<\/li>\n\n\n\n<li>Feilen<\/li>\n\n\n\n<li>Schraubenzieher<\/li>\n\n\n\n<li>Zangen<\/li>\n<\/ul>\n\n\n\n<h2 class=\"wp-block-heading\">Holzwerkstatt<\/h2>\n\n\n\n<p>Der wundersch\u00f6ne Werkstoff Holz verdient es, mit professionellem Werkzeug bearbeitet zu werden. Bei uns kannst du das mit folgenden Ger\u00e4ten tun:<\/p>\n\n\n\n<ul class=\"wp-block-list\" id=\"block-8fc6dfe1-0d4a-4bee-9e56-f268130be1e6\">\n<li>Werkb\u00e4nke<\/li>\n\n\n\n<li>Japans\u00e4gen<\/li>\n\n\n\n<li>Stechbeitel<\/li>\n\n\n\n<li>Hobel<\/li>\n\n\n\n<li>Standbohrmaschine<\/li>\n\n\n\n<li>Akkubohrer \/ -schrauber<\/li>\n\n\n\n<li>Handkreiss\u00e4ge<\/li>\n\n\n\n<li>Formatkreiss\u00e4ge<\/li>\n\n\n\n<li>Kapps\u00e4ge<\/li>\n\n\n\n<li>Stichs\u00e4ge<\/li>\n\n\n\n<li>Oberfr\u00e4se<\/li>\n\n\n\n<li>Lamellofr\u00e4se<\/li>\n\n\n\n<li>Tellerschleifger\u00e4t<\/li>\n\n\n\n<li>Schwingschleifer<\/li>\n<\/ul>\n\n\n\n<figure class=\"wp-block-image size-full\"><a href=\"https:\/\/freilab.de\/wp-content\/uploads\/2022\/04\/Holz2-scaled.jpg\" aria-label=\"Holzwerkstatt\"><img data-dominant-color=\"73695c\" data-has-transparency=\"false\" style=\"--dominant-color: #73695c;\" loading=\"lazy\" decoding=\"async\" width=\"1024\" height=\"680\" src=\"https:\/\/freilab.de\/wp-content\/uploads\/2023\/03\/Holz2-1024x680-1.webp\" alt=\"\" class=\"wp-image-1549 not-transparent\" srcset=\"https:\/\/freilab.de\/wp-content\/uploads\/2023\/03\/Holz2-1024x680-1.webp 1024w, https:\/\/freilab.de\/wp-content\/uploads\/2023\/03\/Holz2-1024x680-1-300x199.webp 300w, https:\/\/freilab.de\/wp-content\/uploads\/2023\/03\/Holz2-1024x680-1-768x510.webp 768w, https:\/\/freilab.de\/wp-content\/uploads\/2023\/03\/Holz2-1024x680-1-1000x664.webp 1000w, https:\/\/freilab.de\/wp-content\/uploads\/2023\/03\/Holz2-1024x680-1-230x153.webp 230w, https:\/\/freilab.de\/wp-content\/uploads\/2023\/03\/Holz2-1024x680-1-350x232.webp 350w, https:\/\/freilab.de\/wp-content\/uploads\/2023\/03\/Holz2-1024x680-1-480x319.webp 480w\" sizes=\"auto, (max-width: 1024px) 100vw, 1024px\" \/><\/a><\/figure>\n\n\n<figure class=\"wp-block-image size-full\"><a href=\"https:\/\/freilab.de\/wp-content\/uploads\/2024\/07\/Felder-K540S-scaled.avif\" aria-label=\"Holzwerkstatt\"><img data-dominant-color=\"73695c\" data-has-transparency=\"false\" style=\"--dominant-color: #73695c;\" decoding=\"async\" src=\"https:\/\/freilab.de\/wp-content\/uploads\/2024\/07\/Felder-K540S_scaled-jpg.avif\" alt=\"\" class=\"wp-image-1549 not-transparent\"\/><\/a><\/figure>\n","protected":false},"excerpt":{"rendered":"<p>Das FREILab\u200b Das FREILab ist die&nbsp;Offene Werkstatt&nbsp;f\u00fcr Freiburg im Breisgau. Wir halten eine reiche Ausstattung an hochwertigen Werkzeugen bereit, die allen Mitgliedern [&hellip;]<\/p>\n","protected":false},"author":5,"featured_media":0,"parent":0,"menu_order":0,"comment_status":"closed","ping_status":"closed","template":"page-templates\/page_fullwidth.php","meta":{"inline_featured_image":false,"ngg_post_thumbnail":0,"footnotes":""},"class_list":["post-277","page","type-page","status-publish","hentry"],"_links":{"self":[{"href":"https:\/\/freilab.de\/index.php?rest_route=\/wp\/v2\/pages\/277","targetHints":{"allow":["GET"]}}],"collection":[{"href":"https:\/\/freilab.de\/index.php?rest_route=\/wp\/v2\/pages"}],"about":[{"href":"https:\/\/freilab.de\/index.php?rest_route=\/wp\/v2\/types\/page"}],"author":[{"embeddable":true,"href":"https:\/\/freilab.de\/index.php?rest_route=\/wp\/v2\/users\/5"}],"replies":[{"embeddable":true,"href":"https:\/\/freilab.de\/index.php?rest_route=%2Fwp%2Fv2%2Fcomments&post=277"}],"version-history":[{"count":265,"href":"https:\/\/freilab.de\/index.php?rest_route=\/wp\/v2\/pages\/277\/revisions"}],"predecessor-version":[{"id":1856,"href":"https:\/\/freilab.de\/index.php?rest_route=\/wp\/v2\/pages\/277\/revisions\/1856"}],"wp:attachment":[{"href":"https:\/\/freilab.de\/index.php?rest_route=%2Fwp%2Fv2%2Fmedia&parent=277"}],"curies":[{"name":"wp","href":"https:\/\/api.w.org\/{rel}","templated":true}]}}