{"id":84,"date":"2020-01-07T13:01:49","date_gmt":"2020-01-07T12:01:49","guid":{"rendered":"https:\/\/main.freilab.de\/?page_id=84"},"modified":"2026-02-01T17:39:08","modified_gmt":"2026-02-01T16:39:08","slug":"willkommen-beim-freilab","status":"publish","type":"page","link":"https:\/\/freilab.de\/","title":{"rendered":"FREILab Freiburg e.V.\u200b"},"content":{"rendered":"<div><style id=\"wp_carousel_dynamic_css1496\">.sp-wp-carousel-free-id-1496.wpcf-fancybox-wrapper .fancybox-bg{background: #0b0b0b;opacity: 0.8;}.sp-wp-carousel-free-id-1496.wpcf-fancybox-wrapper .fancybox-navigation .fancybox-button .wpcp-fancybox-nav-arrow i {color: #ccc;}.sp-wp-carousel-free-id-1496.wpcf-fancybox-wrapper .fancybox-navigation .fancybox-button .wpcp-fancybox-nav-arrow i:hover {color: #fff;}.sp-wp-carousel-free-id-1496.wpcf-fancybox-wrapper .fancybox-navigation .fancybox-button {background: #1e1e1e;}.sp-wp-carousel-free-id-1496.wpcf-fancybox-wrapper .fancybox-navigation .fancybox-button:hover {background: #1e1e1e;}#sp-wp-carousel-free-id-1496 .wpcp-swiper-dots {margin: 40px 0px 0px 0px;}.wpcp-wrapper-1496 .swiper-wrapper .swiper-slide-kenburn, .wpcp-wrapper-1496 .swiper-wrapper, .wpcp-wrapper-1496 .wpcpro-row{align-items: center;}#sp-wp-carousel-free-id-1496 .wpcp-single-item {box-shadow: 0px 0px 0px 0px #dddddd;transition: all .3s;margin: 0px;}#sp-wp-carousel-free-id-1496.swiper-flip .wpcp-single-item{margin: 0!important;}#sp-wp-carousel-free-id-1496 .wpcp-single-item:hover {box-shadow: 0px 0px 0px 0px #dddddd;}#sp-wp-carousel-free-id-1496.sp-wpcp-1496 .wpcp-single-item {border: 1px solid #dddddd;}#sp-wp-carousel-free-id-1496.wpcp-carousel-section.sp-wpcp-1496 .swiper-button-prev,#sp-wp-carousel-free-id-1496.wpcp-carousel-section.sp-wpcp-1496 .swiper-button-next,#sp-wp-carousel-free-id-1496.wpcp-carousel-section.sp-wpcp-1496 .swiper-button-prev:hover,#sp-wp-carousel-free-id-1496.wpcp-carousel-section.sp-wpcp-1496 .swiper-button-next:hover {font-size: 18px ; font-weight: 400;}#sp-wp-carousel-free-id-1496.sp-wpcp-1496 .swiper-button-prev,#sp-wp-carousel-free-id-1496.sp-wpcp-1496 .swiper-button-next,#sp-wp-carousel-free-id-1496.sp-wpcp-1496 .swiper-button-prev:hover,#sp-wp-carousel-free-id-1496.sp-wpcp-1496 .swiper-button-next:hover {background: none;border: none;font-size: 30px;}#sp-wp-carousel-free-id-1496.sp-wpcp-1496 .swiper-button-prev i,#sp-wp-carousel-free-id-1496.sp-wpcp-1496 .swiper-button-next i {color: #aaa;}#sp-wp-carousel-free-id-1496.sp-wpcp-1496 .swiper-button-prev i:hover,#sp-wp-carousel-free-id-1496.sp-wpcp-1496 .swiper-button-next i:hover {color: #178087;}#sp-wp-carousel-free-id-1496.sp-wpcp-1496 .wpcp-swiper-dots .swiper-pagination-bullet {background-color: #cccccc;}#sp-wp-carousel-free-id-1496.sp-wpcp-1496 .wpcp-swiper-dots .swiper-pagination-bullet.swiper-pagination-bullet-active {background-color: #178087;} #sp-wp-carousel-free-id-1496.sp-wpcp-1496.wpcp-image-carousel .wpcp-single-item:hover img, #sp-wp-carousel-free-id-1496.sp-wpcp-1496.wpcp-post-carousel .wpcp-single-item:hover img, #sp-wp-carousel-free-id-1496.sp-wpcp-1496.wpcp-product-carousel .wpcp-single-item:hover img{-webkit-transform: scale(1.2);-moz-transform: scale(1.2);transform: scale(1.2);}@media screen and (max-width: 479px) {#sp-wp-carousel-free-id-1496.nav-vertical-center {padding: 0;margin:0;}#sp-wp-carousel-free-id-1496.nav-vertical-center .wpcp-next-button,#sp-wp-carousel-free-id-1496.nav-vertical-center .wpcp-prev-button {display: none;}}#sp-wp-carousel-free-id-1496 .wpcpro-row>[class*=\"wpcpro-col-\"] { padding: 0 2.5px; padding-bottom: 5px;} #sp-wp-carousel-free-id-1496 .swiper-slide .single-item-fade:not(:last-child) { margin-right: 5px;}@media (min-width: 480px) { .wpcpro-row .wpcpro-col-sm-1 { flex: 0 0 100%; max-width: 100%; } .wpcpro-row .wpcpro-col-sm-2 { flex: 0 0 50%; max-width: 50%; } .wpcpro-row .wpcpro-col-sm-2-5 { flex: 0 0 75%; max-width: 75%; } .wpcpro-row .wpcpro-col-sm-3 { flex: 0 0 33.333%; max-width: 33.333%; } .wpcpro-row .wpcpro-col-sm-4 { flex: 0 0 25%; max-width: 25%; } .wpcpro-row .wpcpro-col-sm-5 { flex: 0 0 20%; max-width: 20%; } .wpcpro-row .wpcpro-col-sm-6 { flex: 0 0 16.66666666666667%; max-width: 16.66666666666667%; } .wpcpro-row .wpcpro-col-sm-7 { flex: 0 0 14.28571428%; max-width: 14.28571428%; } .wpcpro-row .wpcpro-col-sm-8 { flex: 0 0 12.5%; max-width: 12.5%; } } @media (max-width: 480px) { .wpcpro-row .wpcpro-col-xs-1 { flex: 0 0 100%; max-width: 100%; } .wpcpro-row .wpcpro-col-xs-2 { flex: 0 0 50%; max-width: 50%; } .wpcpro-row .wpcpro-col-xs-3 { flex: 0 0 33.222%; max-width: 33.222%; } .wpcpro-row .wpcpro-col-xs-4 { flex: 0 0 25%; max-width: 25%; } .wpcpro-row .wpcpro-col-xs-5 { flex: 0 0 20%; max-width: 20%; } .wpcpro-row .wpcpro-col-xs-6 { flex: 0 0 16.6667%; max-width: 16.6667%; } .wpcpro-row .wpcpro-col-xs-7 { flex: 0 0 14.28571428%; max-width: 14.28571428%; } .wpcpro-row .wpcpro-col-xs-8 { flex: 0 0 12.5%; max-width: 12.5%; } } @media (min-width: 736px) { .wpcpro-row .wpcpro-col-md-1 { flex: 0 0 100%; max-width: 100%; } .wpcpro-row .wpcpro-col-md-2 { flex: 0 0 50%; max-width: 50%; } .wpcpro-row .wpcpro-col-md-2-5 { flex: 0 0 75%; max-width: 75%; } .wpcpro-row .wpcpro-col-md-3 { flex: 0 0 33.333%; max-width: 33.333%; } .wpcpro-row .wpcpro-col-md-4 { flex: 0 0 25%; max-width: 25%; } .wpcpro-row .wpcpro-col-md-5 { flex: 0 0 20%; max-width: 20%; } .wpcpro-row .wpcpro-col-md-6 { flex: 0 0 16.66666666666667%; max-width: 16.66666666666667%; } .wpcpro-row .wpcpro-col-md-7 { flex: 0 0 14.28571428%; max-width: 14.28571428%; } .wpcpro-row .wpcpro-col-md-8 { flex: 0 0 12.5%; max-width: 12.5%; } } @media (min-width: 980px) { .wpcpro-row .wpcpro-col-lg-1 { flex: 0 0 100%; max-width: 100%; } .wpcpro-row .wpcpro-col-lg-2 { flex: 0 0 50%; max-width: 50%; } .wpcpro-row .wpcpro-col-lg-3 { flex: 0 0 33.222%; max-width: 33.222%; } .wpcpro-row .wpcpro-col-lg-4 { flex: 0 0 25%; max-width: 25%; } .wpcpro-row .wpcpro-col-lg-5 { flex: 0 0 20%; max-width: 20%; } .wpcpro-row .wpcpro-col-lg-6 { flex: 0 0 16.6667%; max-width: 16.6667%; } .wpcpro-row .wpcpro-col-lg-7 { flex: 0 0 14.28571428%; max-width: 14.28571428%; } .wpcpro-row .wpcpro-col-lg-8 { flex: 0 0 12.5%; max-width: 12.5%; } } @media (min-width: 1200px) { .wpcpro-row .wpcpro-col-xl-1 { flex: 0 0 100%; max-width: 100%; } .wpcpro-row .wpcpro-col-xl-2 { flex: 0 0 50%; max-width: 50%; } .wpcpro-row .wpcpro-col-xl-3 { flex: 0 0 33.22222222%; max-width: 33.22222222%; } .wpcpro-row .wpcpro-col-xl-4 { flex: 0 0 25%; max-width: 25%; } .wpcpro-row .wpcpro-col-xl-5 { flex: 0 0 20%; max-width: 20%; } .wpcpro-row .wpcpro-col-xl-6 { flex: 0 0 16.66667%; max-width: 16.66667%; } .wpcpro-row .wpcpro-col-xl-7 { flex: 0 0 14.28571428%; max-width: 14.28571428%; } .wpcpro-row .wpcpro-col-xl-8 { flex: 0 0 12.5%; max-width: 12.5%; } }<\/style><div class=\"wpcp-carousel-wrapper wpcp-wrapper-1496\">\n\t<div id=\"wpcp-preloader-1496\" class=\"wpcp-carousel-preloader\"><img decoding=\"async\" src=\"https:\/\/freilab.de\/wp-content\/plugins\/wp-carousel-free\/public\/css\/spinner.svg\" alt=\"Preloader Image\" \/><\/div>\t<div class=\"wpcp-carousel-content-wrapper\">\n\t<div id=\"sp-wp-carousel-free-id-1496\" class=\"wpcp-carousel-section sp-wpcp-1496  nav-vertical-center wpcp-image-carousel wpcp-preloader wpcp-standard\" data-swiper='{ &quot;pagination_type&quot;: &quot;dots&quot;,&quot;accessibility&quot;:true, &quot;spaceBetween&quot;:5, &quot;arrows&quot;:true, &quot;freeMode&quot;: false, &quot;autoplay&quot;:true, &quot;effect&quot;: &quot;&quot;, &quot;centerMode&quot;: false, &quot;autoplaySpeed&quot;:3000, &quot;dots&quot;:true, &quot;infinite&quot;:true, &quot;speed&quot;:600, &quot;pauseOnHover&quot;:true,\n\t\t\t&quot;slidesToShow&quot;:{&quot;lg_desktop&quot;:3, &quot;desktop&quot;: 3, &quot;laptop&quot;: 3, &quot;tablet&quot;: 1, &quot;mobile&quot;: 1}, &quot;responsive&quot;:{&quot;desktop&quot;:1200, &quot;laptop&quot;: 980, &quot;tablet&quot;: 736, &quot;mobile&quot;: 480}, &quot;rtl&quot;:false, &quot;lazyLoad&quot;: &quot;false&quot;, &quot;swipe&quot;: true, &quot;draggable&quot;: true, &quot;swipeToSlide&quot;:false }' dir=\"ltr\">\n\t\t<div class=\"swiper-wrapper\">\n\t\t<div class=\"swiper-slide\">\n\t<div class=\"wpcp-single-item\">\n\t\t\t<div class=\"wpcp-slide-image\">\n\t\t<img loading=\"lazy\" decoding=\"async\" class=\"skip-lazy\" src=\"https:\/\/freilab.de\/wp-content\/uploads\/2023\/03\/3D-Drucker-1024x680-1.webp\" alt=\"3D-Drucker-1024x680\" width=\"1024\" height=\"680\">\t<\/div>\n\t\t<\/div>\n<\/div>\n\t<div class=\"swiper-slide\">\n\t<div class=\"wpcp-single-item\">\n\t\t\t<div class=\"wpcp-slide-image\">\n\t\t<img loading=\"lazy\" decoding=\"async\" class=\"skip-lazy\" src=\"https:\/\/freilab.de\/wp-content\/uploads\/2024\/07\/Felder-K540S-1024x683.avif\" alt=\"Felder K 540 S\" width=\"1024\" height=\"683\">\t<\/div>\n\t\t<\/div>\n<\/div>\n\t<div class=\"swiper-slide\">\n\t<div class=\"wpcp-single-item\">\n\t\t\t<div class=\"wpcp-slide-image\">\n\t\t<img loading=\"lazy\" decoding=\"async\" class=\"skip-lazy\" src=\"https:\/\/freilab.de\/wp-content\/uploads\/2023\/03\/fahrrad_1024x680.webp\" alt=\"fahrrad_1024x680\" width=\"1024\" height=\"680\">\t<\/div>\n\t\t<\/div>\n<\/div>\n\t<div class=\"swiper-slide\">\n\t<div class=\"wpcp-single-item\">\n\t\t\t<div class=\"wpcp-slide-image\">\n\t\t<img loading=\"lazy\" decoding=\"async\" class=\"skip-lazy\" src=\"https:\/\/freilab.de\/wp-content\/uploads\/2023\/03\/Metall-1024x680-1.webp\" alt=\"Metall-1024x680\" width=\"1024\" height=\"680\">\t<\/div>\n\t\t<\/div>\n<\/div>\n\t<div class=\"swiper-slide\">\n\t<div class=\"wpcp-single-item\">\n\t\t\t<div class=\"wpcp-slide-image\">\n\t\t<img loading=\"lazy\" decoding=\"async\" class=\"skip-lazy\" src=\"https:\/\/freilab.de\/wp-content\/uploads\/2024\/07\/Elektro-neu-0_scaled-jpg.avif\" alt=\"Elektro-neu-0_scaled\" width=\"1024\" height=\"683\">\t<\/div>\n\t\t<\/div>\n<\/div>\n\t<div class=\"swiper-slide\">\n\t<div class=\"wpcp-single-item\">\n\t\t\t<div class=\"wpcp-slide-image\">\n\t\t<img loading=\"lazy\" decoding=\"async\" class=\"skip-lazy\" src=\"https:\/\/freilab.de\/wp-content\/uploads\/2023\/03\/Naehbereich_neu_.kleinjpg-1024x680-1.webp\" alt=\"Naehbereich_neu_.kleinjpg-1024x680\" width=\"1024\" height=\"680\">\t<\/div>\n\t\t<\/div>\n<\/div>\n\t<div class=\"swiper-slide\">\n\t<div class=\"wpcp-single-item\">\n\t\t\t<div class=\"wpcp-slide-image\">\n\t\t<img loading=\"lazy\" decoding=\"async\" class=\"skip-lazy\" src=\"https:\/\/freilab.de\/wp-content\/uploads\/2024\/02\/Lasercutter-scaled2.webp\" alt=\"Lasercutter-scaled2\" width=\"1024\" height=\"680\">\t<\/div>\n\t\t<\/div>\n<\/div>\n\t<div class=\"swiper-slide\">\n\t<div class=\"wpcp-single-item\">\n\t\t\t<div class=\"wpcp-slide-image\">\n\t\t<img loading=\"lazy\" decoding=\"async\" class=\"skip-lazy\" src=\"https:\/\/freilab.de\/wp-content\/uploads\/2023\/03\/Holz2-1024x680-1.webp\" alt=\"Holz2-1024x680\" width=\"1024\" height=\"680\">\t<\/div>\n\t\t<\/div>\n<\/div>\n\t\t\t<\/div>\n\t\t\t\t\t<div class=\"wpcp-swiper-dots swiper-pagination\"><\/div>\n\t\t\t\t<!-- If we need navigation buttons -->\n\t\t\t\t\t<div class=\"wpcp-prev-button swiper-button-prev\"><i class=\"fa fa-angle-left\"><\/i><\/div>\n\t\t\t<div class=\"wpcp-next-button swiper-button-next\"><i class=\"fa fa-angle-right\"><\/i><\/div>\n\t\t\t<\/div>\n\t<\/div>\n<\/div>\n<\/div>\n\n\n<p>Das FREILab ist eine offene Werkstatt (Makerspace) in Freiburg. Es ist nicht nur ein Raum, sondern eine Gemeinschaft von Schaffenden, in der wir jeweils andere an unseren Kenntnissen und Erfahrungen teilhaben lassen und auch selbst von anderen Erfahrungen profitieren k\u00f6nnen. In der Gemeinschaft pflegen wir einen regen Austausch von Ideen und Gedanken und gehen auch gemeinsamen Freizeitaktivit\u00e4ten nach, zum Beispiel Grillen.<\/p>\n\n\n<p>Wir halten eine reiche Ausstattung an hochwertigen Werkzeugen bereit, die allen Mitgliedern und Interessierten zur Verf\u00fcgung stehen. Wir bieten den Raum, um eigene Projekte umzusetzen, Dinge zu erschaffen und kaputte Gegenst\u00e4nde zu reparieren.<\/p>\n\n\n\n<h2 class=\"wp-block-heading\">\u00d6ffnungszeiten f\u00fcr Interessenten<\/h2>\n\n\n\n<h4 class=\"wp-block-heading\">Mittwoch<br>19:00 &#8211; 21:00 Uhr<\/h4>\n<h5 class=\"wp-block-heading\">Zu diesen Zeiten k\u00f6nnt Ihr ohne Anmeldung zu uns kommen, um Euch \u00fcber das FREILab zu informieren. Das \u00d6ffnungszeitenteam ist vor Ort, um Eure Fragen zu beantworten und Euch die R\u00e4ume zu zeigen. Du kannst gerne auch als Nicht-Mitglied w\u00e4hrend der \u00d6ffnungszeiten zum Werkeln vorbeikommen. Prinzipiell ist es so, dass Nicht-Mitglieder w\u00e4hrend der \u00d6ffnungszeiten nur die ungef\u00e4hrlichen Handwerkzeuge nutzen k\u00f6nnen, da es f\u00fcr die Maschinen eine Einweisung ben\u00f6tigt. Bei \u00fcberschaubarem Aufwand findet sich aber meistens jemand mit Einweisung, der dir hilft.<\/h3>\n\n\n\n<h5 class=\"wp-block-heading\">F\u00fcr Mitglieder gilt 24\/7 Zugang.<\/h5>\n\n\n<div class=\"wp-block-buttons\">\n<div class=\"wp-block-button\"><a class=\"wp-block-button__link has-white-color has-text-color has-background wp-element-button\" href=\"https:\/\/tour.freilab.de\" style=\"background-color:#007b4e\">Virtuelle Tour<\/a><\/div>\n\n\n<ul class=\"wp-block-latest-posts__list wp-block-latest-posts\"><li><a class=\"wp-block-latest-posts__post-title\" href=\"https:\/\/freilab.de\/?p=2347\">FREILab goes Fridays for Future<\/a><\/li>\n<li><a class=\"wp-block-latest-posts__post-title\" href=\"https:\/\/freilab.de\/?p=2330\">10 Jahre FREILab Freiburg e.V.<\/a><\/li>\n<li><a class=\"wp-block-latest-posts__post-title\" href=\"https:\/\/freilab.de\/?p=2315\">Baden TV S\u00fcd zu Besuch im FREILab<\/a><\/li>\n<li><a class=\"wp-block-latest-posts__post-title\" href=\"https:\/\/freilab.de\/?p=2287\">Weihnachtsfeier 2025 &amp; ein sch\u00f6nes neues Jahr 2026<\/a><\/li>\n<li><a class=\"wp-block-latest-posts__post-title\" href=\"https:\/\/freilab.de\/?p=2260\">Mattermost, Kursverwaltung &#038; Kaffeebereich<\/a><\/li>\n<\/ul>\n\n<figure class=\"wp-block-image size-full\"><img data-dominant-color=\"f6efed\" data-has-transparency=\"false\" decoding=\"async\" src=\"\/wp-content\/uploads\/2025\/03\/BMUV_Fz_2021_WebSVG_de.svg\" alt=\"\" class=\"wp-image-1562 not-transparent\" style=\"--dominant-color: #f6efed; width:600px\"\/><\/figure>\n","protected":false},"excerpt":{"rendered":"<p>Das FREILab ist eine offene Werkstatt (Makerspace) in Freiburg. Es ist nicht nur ein Raum, sondern eine Gemeinschaft von Schaffenden, in der [&hellip;]<\/p>\n","protected":false},"author":5,"featured_media":0,"parent":0,"menu_order":0,"comment_status":"closed","ping_status":"closed","template":"page-templates\/page_fullwidth.php","meta":{"inline_featured_image":false,"ngg_post_thumbnail":0,"footnotes":""},"class_list":["post-84","page","type-page","status-publish","hentry"],"_links":{"self":[{"href":"https:\/\/freilab.de\/index.php?rest_route=\/wp\/v2\/pages\/84","targetHints":{"allow":["GET"]}}],"collection":[{"href":"https:\/\/freilab.de\/index.php?rest_route=\/wp\/v2\/pages"}],"about":[{"href":"https:\/\/freilab.de\/index.php?rest_route=\/wp\/v2\/types\/page"}],"author":[{"embeddable":true,"href":"https:\/\/freilab.de\/index.php?rest_route=\/wp\/v2\/users\/5"}],"replies":[{"embeddable":true,"href":"https:\/\/freilab.de\/index.php?rest_route=%2Fwp%2Fv2%2Fcomments&post=84"}],"version-history":[{"count":322,"href":"https:\/\/freilab.de\/index.php?rest_route=\/wp\/v2\/pages\/84\/revisions"}],"predecessor-version":[{"id":2296,"href":"https:\/\/freilab.de\/index.php?rest_route=\/wp\/v2\/pages\/84\/revisions\/2296"}],"wp:attachment":[{"href":"https:\/\/freilab.de\/index.php?rest_route=%2Fwp%2Fv2%2Fmedia&parent=84"}],"curies":[{"name":"wp","href":"https:\/\/api.w.org\/{rel}","templated":true}]}}